{"id":1930,"date":"2024-07-15T17:31:34","date_gmt":"2024-07-15T20:31:34","guid":{"rendered":"https:\/\/ksolar.com.br\/?page_id=1930"},"modified":"2024-09-09T23:56:43","modified_gmt":"2024-09-10T02:56:43","slug":"portifolio-fotovoltaico-aracoiaba-da-serra","status":"publish","type":"page","link":"https:\/\/ksolar.com.br\/index.php\/portifolio-fotovoltaico-aracoiaba-da-serra\/","title":{"rendered":"Portif\u00f3lio Fotovoltaico Ara\u00e7oiaba da Serra"},"content":{"rendered":"\t\t<div data-elementor-type=\"wp-page\" data-elementor-id=\"1930\" class=\"elementor elementor-1930\" data-elementor-post-type=\"page\">\n\t\t\t\t<div class=\"elementor-element elementor-element-5b2e229b e-flex e-con-boxed e-con e-parent\" data-id=\"5b2e229b\" data-element_type=\"container\" data-settings=\"{&quot;background_background&quot;:&quot;classic&quot;}\" data-core-v316-plus=\"true\">\n\t\t\t\t\t<div class=\"e-con-inner\">\n\t\t<div class=\"elementor-element elementor-element-654c537f e-con-full e-flex e-con e-child\" data-id=\"654c537f\" data-element_type=\"container\" data-settings=\"{&quot;background_background&quot;:&quot;classic&quot;}\">\n\t\t<div class=\"elementor-element elementor-element-25f6f3c4 e-con-full e-flex e-con e-child\" data-id=\"25f6f3c4\" data-element_type=\"container\">\n\t\t\t\t<div class=\"elementor-element elementor-element-61affcbf elementor-widget elementor-widget-heading\" data-id=\"61affcbf\" data-element_type=\"widget\" data-widget_type=\"heading.default\">\n\t\t\t\t<div class=\"elementor-widget-container\">\n\t\t\t<style>\/*! elementor - v3.20.0 - 10-04-2024 *\/\n.elementor-heading-title{padding:0;margin:0;line-height:1}.elementor-widget-heading .elementor-heading-title[class*=elementor-size-]>a{color:inherit;font-size:inherit;line-height:inherit}.elementor-widget-heading .elementor-heading-title.elementor-size-small{font-size:15px}.elementor-widget-heading .elementor-heading-title.elementor-size-medium{font-size:19px}.elementor-widget-heading .elementor-heading-title.elementor-size-large{font-size:29px}.elementor-widget-heading .elementor-heading-title.elementor-size-xl{font-size:39px}.elementor-widget-heading .elementor-heading-title.elementor-size-xxl{font-size:59px}<\/style><h5 class=\"elementor-heading-title elementor-size-default\">Por :<\/h5>\t\t<\/div>\n\t\t\t\t<\/div>\n\t\t\t\t<div class=\"elementor-element elementor-element-795007f elementor-widget__width-initial elementor-widget-tablet__width-auto elementor-widget-mobile__width-initial elementor-widget elementor-widget-jkit_post_author\" data-id=\"795007f\" data-element_type=\"widget\" data-widget_type=\"jkit_post_author.default\">\n\t\t\t\t<div class=\"elementor-widget-container\">\n\t\t\t<div  class=\"jeg-elementor-kit jkit-post-author jeg_module___69d77c3eb65af\" ><p class=\"post-author \">ksolar.com.br<\/p><\/div>\t\t<\/div>\n\t\t\t\t<\/div>\n\t\t\t\t<div class=\"elementor-element elementor-element-74e77b5 elementor-widget elementor-widget-heading\" data-id=\"74e77b5\" data-element_type=\"widget\" data-widget_type=\"heading.default\">\n\t\t\t\t<div class=\"elementor-widget-container\">\n\t\t\t<h5 class=\"elementor-heading-title elementor-size-default\">Data :<\/h5>\t\t<\/div>\n\t\t\t\t<\/div>\n\t\t\t\t<div class=\"elementor-element elementor-element-3700bdaa elementor-widget__width-auto elementor-widget elementor-widget-jkit_post_date\" data-id=\"3700bdaa\" data-element_type=\"widget\" data-widget_type=\"jkit_post_date.default\">\n\t\t\t\t<div class=\"elementor-widget-container\">\n\t\t\t<div  class=\"jeg-elementor-kit jkit-post-date jeg_module__1_69d77c3eb72e1\" ><p class=\"post-date \">15 de julho de 2024<\/p><\/div>\t\t<\/div>\n\t\t\t\t<\/div>\n\t\t\t\t<\/div>\n\t\t<div class=\"elementor-element elementor-element-23ec3112 e-con-full e-flex e-con e-child\" data-id=\"23ec3112\" data-element_type=\"container\">\n\t\t\t\t<div class=\"elementor-element elementor-element-3987b77 animated-slow elementor-invisible elementor-widget elementor-widget-heading\" data-id=\"3987b77\" data-element_type=\"widget\" data-settings=\"{&quot;_animation&quot;:&quot;zoomIn&quot;}\" data-widget_type=\"heading.default\">\n\t\t\t\t<div class=\"elementor-widget-container\">\n\t\t\t<h2 class=\"elementor-heading-title elementor-size-default\">PORTIF\u00d3LIO KSOLAR<\/h2>\t\t<\/div>\n\t\t\t\t<\/div>\n\t\t\t\t<\/div>\n\t\t\t\t<\/div>\n\t\t\t\t\t<\/div>\n\t\t\t\t<\/div>\n\t\t<div class=\"elementor-element elementor-element-3e0ddd81 e-flex e-con-boxed e-con e-parent\" data-id=\"3e0ddd81\" data-element_type=\"container\" data-settings=\"{&quot;background_background&quot;:&quot;classic&quot;}\" data-core-v316-plus=\"true\">\n\t\t\t\t\t<div class=\"e-con-inner\">\n\t\t\t\t<div class=\"elementor-element elementor-element-4670364c elementor-widget elementor-widget-heading\" data-id=\"4670364c\" data-element_type=\"widget\" data-widget_type=\"heading.default\">\n\t\t\t\t<div class=\"elementor-widget-container\">\n\t\t\t<h1 class=\"elementor-heading-title elementor-size-default\">Projetos Finalizados<\/h1>\t\t<\/div>\n\t\t\t\t<\/div>\n\t\t\t\t<div class=\"elementor-element elementor-element-1f31a23 elementor-widget elementor-widget-text-editor\" data-id=\"1f31a23\" data-element_type=\"widget\" data-widget_type=\"text-editor.default\">\n\t\t\t\t<div class=\"elementor-widget-container\">\n\t\t\t<style>\/*! elementor - v3.20.0 - 10-04-2024 *\/\n.elementor-widget-text-editor.elementor-drop-cap-view-stacked .elementor-drop-cap{background-color:#69727d;color:#fff}.elementor-widget-text-editor.elementor-drop-cap-view-framed .elementor-drop-cap{color:#69727d;border:3px solid;background-color:transparent}.elementor-widget-text-editor:not(.elementor-drop-cap-view-default) .elementor-drop-cap{margin-top:8px}.elementor-widget-text-editor:not(.elementor-drop-cap-view-default) .elementor-drop-cap-letter{width:1em;height:1em}.elementor-widget-text-editor .elementor-drop-cap{float:left;text-align:center;line-height:1;font-size:50px}.elementor-widget-text-editor .elementor-drop-cap-letter{display:inline-block}<\/style>\t\t\t\t<p style=\"text-align: left;\">O seguinte projeto \u00e9 de uma ch\u00e1cara no interior de SP, conforme pode ser observado n\u00e3o h\u00e1 sombreamento nem de edif\u00edcios, nem de \u00e1rvores, favorecendo se assim a luz solar direta nos m\u00f3dulos fotovoltaicos, contribuindo com uma alta efici\u00eancia do Sistema Fotovoltaico. A recomenda\u00e7\u00e3o de manuten\u00e7\u00e3o \u00e9 anual, com a limpeza dos m\u00f3dulos e inspe\u00e7\u00e3o dos conectores e cabos.<\/p>\t\t\t\t\t\t<\/div>\n\t\t\t\t<\/div>\n\t\t\t\t\t<\/div>\n\t\t\t\t<\/div>\n\t\t<div class=\"elementor-element elementor-element-4ed1bea8 e-con-full e-flex e-con e-parent\" data-id=\"4ed1bea8\" data-element_type=\"container\" data-settings=\"{&quot;background_background&quot;:&quot;classic&quot;}\" data-core-v316-plus=\"true\">\n\t\t\t\t<div class=\"elementor-element elementor-element-238772c0 elementor-widget__width-inherit elementor-widget elementor-widget-text-editor\" data-id=\"238772c0\" data-element_type=\"widget\" data-widget_type=\"text-editor.default\">\n\t\t\t\t<div class=\"elementor-widget-container\">\n\t\t\t\t\t\t\t\t\t\t<style>\r\n                #foogallery-gallery-1921.fg-masonry .fg-item {\r\n                    width: 250px;\r\n                    margin-right: 10px;\r\n                    margin-bottom: 10px;\r\n                }\r\n\t\t\t<\/style>\r\n\t\t\t<div class=\"foogallery foogallery-container foogallery-masonry foogallery-lightbox-foogallery fg-center fg-masonry fg-light fg-border-thin fg-shadow-small fg-loading-default fg-loaded-fade-in fg-captions-bottom fg-hover-fade fg-hover-plus fg-ready fg-fixed\" id=\"foogallery-gallery-1921\" data-foogallery=\"{&quot;item&quot;:{&quot;showCaptionTitle&quot;:true,&quot;showCaptionDescription&quot;:true},&quot;lazy&quot;:true,&quot;template&quot;:{&quot;columnWidth&quot;:250,&quot;gutter&quot;:10}}\" data-foogallery-lightbox=\"{&quot;theme&quot;:&quot;fg-light&quot;,&quot;thumbs&quot;:&quot;bottom&quot;,&quot;thumbsCaptions&quot;:false,&quot;thumbsBestFit&quot;:false,&quot;thumbsSmall&quot;:false,&quot;thumbsCaptionsAlign&quot;:&quot;default&quot;,&quot;info&quot;:&quot;bottom&quot;,&quot;infoVisible&quot;:true,&quot;infoOverlay&quot;:true,&quot;infoAlign&quot;:&quot;default&quot;,&quot;transition&quot;:&quot;fade&quot;,&quot;hoverButtons&quot;:false,&quot;fitMedia&quot;:false,&quot;noScrollbars&quot;:true,&quot;preserveButtonSpace&quot;:true,&quot;buttons&quot;:{&quot;fullscreen&quot;:true,&quot;info&quot;:true,&quot;thumbs&quot;:false},&quot;video&quot;:{&quot;autoPlay&quot;:true}}\" >\r\n\t\t<div class=\"fg-item fg-type-image fg-idle\"><figure class=\"fg-item-inner\"><a href=\"https:\/\/ksolar.com.br\/wp-content\/uploads\/2024\/07\/IMG-20221110-WA0007_Watermarked.jpg\" data-caption-title=\"Sol pleno\" data-attachment-id=\"1924\" data-type=\"image\" class=\"fg-thumb\"><span class=\"fg-image-wrap\"><img decoding=\"async\" title=\"Sol pleno\" width=\"250\" height=\"141\" class=\"skip-lazy fg-image\" data-src-fg=\"https:\/\/ksolar.com.br\/wp-content\/uploads\/cache\/2024\/07\/IMG-20221110-WA0007_Watermarked\/2690277755.jpg\" src=\"data:image\/svg+xml,%3Csvg%20xmlns%3D%22http%3A%2F%2Fwww.w3.org%2F2000%2Fsvg%22%20width%3D%22250%22%20height%3D%22141%22%20viewBox%3D%220%200%20250%20141%22%3E%3C%2Fsvg%3E\" loading=\"eager\"><\/span><span class=\"fg-image-overlay\"><\/span><\/a><figcaption class=\"fg-caption\"><div class=\"fg-caption-inner\"><div class=\"fg-caption-title\">Sol pleno<\/div><\/div><\/figcaption><\/figure><div class=\"fg-loader\"><\/div><\/div><div class=\"fg-item fg-type-image fg-idle\"><figure class=\"fg-item-inner\"><a href=\"https:\/\/ksolar.com.br\/wp-content\/uploads\/2024\/07\/IMG-20221110-WA0006_Watermarked.jpg\" data-caption-title=\"Instala\u00e7\u00e3o em andamento\" data-attachment-id=\"1923\" data-type=\"image\" class=\"fg-thumb\"><span class=\"fg-image-wrap\"><img decoding=\"async\" title=\"Instala\u00e7\u00e3o em andamento\" width=\"250\" height=\"141\" class=\"skip-lazy fg-image\" data-src-fg=\"https:\/\/ksolar.com.br\/wp-content\/uploads\/cache\/2024\/07\/IMG-20221110-WA0006_Watermarked\/1362047693.jpg\" src=\"data:image\/svg+xml,%3Csvg%20xmlns%3D%22http%3A%2F%2Fwww.w3.org%2F2000%2Fsvg%22%20width%3D%22250%22%20height%3D%22141%22%20viewBox%3D%220%200%20250%20141%22%3E%3C%2Fsvg%3E\" loading=\"eager\"><\/span><span class=\"fg-image-overlay\"><\/span><\/a><figcaption class=\"fg-caption\"><div class=\"fg-caption-inner\"><div class=\"fg-caption-title\">Instala\u00e7\u00e3o em andamento<\/div><\/div><\/figcaption><\/figure><div class=\"fg-loader\"><\/div><\/div><div class=\"fg-item fg-type-image fg-idle\"><figure class=\"fg-item-inner\"><a href=\"https:\/\/ksolar.com.br\/wp-content\/uploads\/2024\/07\/IMG-20221110-WA0002_Watermarked.jpg\" data-caption-title=\"Projeto conclu\u00eddo\" data-attachment-id=\"1922\" data-type=\"image\" class=\"fg-thumb\"><span class=\"fg-image-wrap\"><img decoding=\"async\" title=\"Projeto conclu\u00eddo\" width=\"250\" height=\"141\" class=\"skip-lazy fg-image\" data-src-fg=\"https:\/\/ksolar.com.br\/wp-content\/uploads\/cache\/2024\/07\/IMG-20221110-WA0002_Watermarked\/3779240489.jpg\" src=\"data:image\/svg+xml,%3Csvg%20xmlns%3D%22http%3A%2F%2Fwww.w3.org%2F2000%2Fsvg%22%20width%3D%22250%22%20height%3D%22141%22%20viewBox%3D%220%200%20250%20141%22%3E%3C%2Fsvg%3E\" loading=\"eager\"><\/span><span class=\"fg-image-overlay\"><\/span><\/a><figcaption class=\"fg-caption\"><div class=\"fg-caption-inner\"><div class=\"fg-caption-title\">Projeto conclu\u00eddo<\/div><\/div><\/figcaption><\/figure><div class=\"fg-loader\"><\/div><\/div><div class=\"fg-item fg-type-image fg-idle\"><figure class=\"fg-item-inner\"><a href=\"https:\/\/ksolar.com.br\/wp-content\/uploads\/2024\/07\/IMG-20221121-WA0006_Watermarked.jpg\" data-caption-title=\"M\u00f3dulos instalados ao p\u00f4r do sol\" data-attachment-id=\"1928\" data-type=\"image\" class=\"fg-thumb\"><span class=\"fg-image-wrap\"><img decoding=\"async\" title=\"M\u00f3dulos instalados ao p\u00f4r do sol\" width=\"250\" height=\"141\" class=\"skip-lazy fg-image\" data-src-fg=\"https:\/\/ksolar.com.br\/wp-content\/uploads\/cache\/2024\/07\/IMG-20221121-WA0006_Watermarked\/2085314753.jpg\" src=\"data:image\/svg+xml,%3Csvg%20xmlns%3D%22http%3A%2F%2Fwww.w3.org%2F2000%2Fsvg%22%20width%3D%22250%22%20height%3D%22141%22%20viewBox%3D%220%200%20250%20141%22%3E%3C%2Fsvg%3E\" loading=\"eager\"><\/span><span class=\"fg-image-overlay\"><\/span><\/a><figcaption class=\"fg-caption\"><div class=\"fg-caption-inner\"><div class=\"fg-caption-title\">M\u00f3dulos instalados ao p\u00f4r do sol<\/div><\/div><\/figcaption><\/figure><div class=\"fg-loader\"><\/div><\/div><div class=\"fg-item fg-type-image fg-idle\"><figure class=\"fg-item-inner\"><a href=\"https:\/\/ksolar.com.br\/wp-content\/uploads\/2024\/07\/IMG-20221121-WA0005_Watermarked.jpg\" data-caption-title=\"Modulos instalados\" data-attachment-id=\"1927\" data-type=\"image\" class=\"fg-thumb\"><span class=\"fg-image-wrap\"><img decoding=\"async\" title=\"Modulos instalados\" width=\"250\" height=\"141\" class=\"skip-lazy fg-image\" data-src-fg=\"https:\/\/ksolar.com.br\/wp-content\/uploads\/cache\/2024\/07\/IMG-20221121-WA0005_Watermarked\/3728179479.jpg\" src=\"data:image\/svg+xml,%3Csvg%20xmlns%3D%22http%3A%2F%2Fwww.w3.org%2F2000%2Fsvg%22%20width%3D%22250%22%20height%3D%22141%22%20viewBox%3D%220%200%20250%20141%22%3E%3C%2Fsvg%3E\" loading=\"eager\"><\/span><span class=\"fg-image-overlay\"><\/span><\/a><figcaption class=\"fg-caption\"><div class=\"fg-caption-inner\"><div class=\"fg-caption-title\">Modulos instalados<\/div><\/div><\/figcaption><\/figure><div class=\"fg-loader\"><\/div><\/div><div class=\"fg-item fg-type-image fg-idle\"><figure class=\"fg-item-inner\"><a href=\"https:\/\/ksolar.com.br\/wp-content\/uploads\/2024\/07\/IMG-20221121-WA0001_Watermarked.jpg\" data-caption-title=\"P\u00f4r do Sol\" data-attachment-id=\"1926\" data-type=\"image\" class=\"fg-thumb\"><span class=\"fg-image-wrap\"><img fetchpriority=\"high\" decoding=\"async\" title=\"P\u00f4r do Sol\" width=\"250\" height=\"444\" class=\"skip-lazy fg-image\" data-src-fg=\"https:\/\/ksolar.com.br\/wp-content\/uploads\/cache\/2024\/07\/IMG-20221121-WA0001_Watermarked\/1851396595.jpg\" src=\"data:image\/svg+xml,%3Csvg%20xmlns%3D%22http%3A%2F%2Fwww.w3.org%2F2000%2Fsvg%22%20width%3D%22250%22%20height%3D%22444%22%20viewBox%3D%220%200%20250%20444%22%3E%3C%2Fsvg%3E\" loading=\"eager\"><\/span><span class=\"fg-image-overlay\"><\/span><\/a><figcaption class=\"fg-caption\"><div class=\"fg-caption-inner\"><div class=\"fg-caption-title\">P\u00f4r do Sol<\/div><\/div><\/figcaption><\/figure><div class=\"fg-loader\"><\/div><\/div><div class=\"fg-item fg-type-image fg-idle\"><figure class=\"fg-item-inner\"><a href=\"https:\/\/ksolar.com.br\/wp-content\/uploads\/2024\/07\/IMG-20221121-WA0009_Watermarked.jpg\" data-caption-title=\"Quadro de distribui\u00e7\u00e3o\" data-attachment-id=\"1929\" data-type=\"image\" class=\"fg-thumb\"><span class=\"fg-image-wrap\"><img decoding=\"async\" title=\"Quadro de distribui\u00e7\u00e3o\" width=\"250\" height=\"444\" class=\"skip-lazy fg-image\" data-src-fg=\"https:\/\/ksolar.com.br\/wp-content\/uploads\/cache\/2024\/07\/IMG-20221121-WA0009_Watermarked\/4266945373.jpg\" src=\"data:image\/svg+xml,%3Csvg%20xmlns%3D%22http%3A%2F%2Fwww.w3.org%2F2000%2Fsvg%22%20width%3D%22250%22%20height%3D%22444%22%20viewBox%3D%220%200%20250%20444%22%3E%3C%2Fsvg%3E\" loading=\"eager\"><\/span><span class=\"fg-image-overlay\"><\/span><\/a><figcaption class=\"fg-caption\"><div class=\"fg-caption-inner\"><div class=\"fg-caption-title\">Quadro de distribui\u00e7\u00e3o<\/div><\/div><\/figcaption><\/figure><div class=\"fg-loader\"><\/div><\/div><div class=\"fg-item fg-type-image fg-idle\"><figure class=\"fg-item-inner\"><a href=\"https:\/\/ksolar.com.br\/wp-content\/uploads\/2024\/07\/IMG-20221121-WA0000_Watermarked.jpg\" data-caption-title=\"Inversor Instalado\" data-attachment-id=\"1925\" data-type=\"image\" class=\"fg-thumb\"><span class=\"fg-image-wrap\"><img decoding=\"async\" title=\"Inversor Instalado\" width=\"250\" height=\"444\" class=\"skip-lazy fg-image\" data-src-fg=\"https:\/\/ksolar.com.br\/wp-content\/uploads\/cache\/2024\/07\/IMG-20221121-WA0000_Watermarked\/3553402931.jpg\" src=\"data:image\/svg+xml,%3Csvg%20xmlns%3D%22http%3A%2F%2Fwww.w3.org%2F2000%2Fsvg%22%20width%3D%22250%22%20height%3D%22444%22%20viewBox%3D%220%200%20250%20444%22%3E%3C%2Fsvg%3E\" loading=\"eager\"><\/span><span class=\"fg-image-overlay\"><\/span><\/a><figcaption class=\"fg-caption\"><div class=\"fg-caption-inner\"><div class=\"fg-caption-title\">Inversor Instalado<\/div><\/div><\/figcaption><\/figure><div class=\"fg-loader\"><\/div><\/div><\/div>\t\t\t\t\t\t<\/div>\n\t\t\t\t<\/div>\n\t\t\t\t<\/div>\n\t\t<div class=\"elementor-element elementor-element-458dde0 e-flex e-con-boxed e-con e-parent\" data-id=\"458dde0\" data-element_type=\"container\" data-core-v316-plus=\"true\">\n\t\t\t\t\t<div class=\"e-con-inner\">\n\t\t\t\t\t<\/div>\n\t\t\t\t<\/div>\n\t\t\t\t<\/div>\n\t\t","protected":false},"excerpt":{"rendered":"<p>Por : ksolar.com.br Data : 15 de julho de 2024 PORTIF\u00d3LIO KSOLAR Projetos Finalizados O seguinte projeto \u00e9 de uma ch\u00e1cara no interior de SP, conforme pode ser observado n\u00e3o h\u00e1 sombreamento nem de edif\u00edcios, nem de \u00e1rvores, favorecendo se assim a luz solar direta nos m\u00f3dulos fotovoltaicos, contribuindo com uma alta efici\u00eancia do Sistema [&hellip;]<\/p>\n","protected":false},"author":1,"featured_media":0,"parent":0,"menu_order":0,"comment_status":"closed","ping_status":"closed","template":"elementor_header_footer","meta":{"footnotes":"","_joinchat":[]},"_links":{"self":[{"href":"https:\/\/ksolar.com.br\/index.php\/wp-json\/wp\/v2\/pages\/1930"}],"collection":[{"href":"https:\/\/ksolar.com.br\/index.php\/wp-json\/wp\/v2\/pages"}],"about":[{"href":"https:\/\/ksolar.com.br\/index.php\/wp-json\/wp\/v2\/types\/page"}],"author":[{"embeddable":true,"href":"https:\/\/ksolar.com.br\/index.php\/wp-json\/wp\/v2\/users\/1"}],"replies":[{"embeddable":true,"href":"https:\/\/ksolar.com.br\/index.php\/wp-json\/wp\/v2\/comments?post=1930"}],"version-history":[{"count":25,"href":"https:\/\/ksolar.com.br\/index.php\/wp-json\/wp\/v2\/pages\/1930\/revisions"}],"predecessor-version":[{"id":2650,"href":"https:\/\/ksolar.com.br\/index.php\/wp-json\/wp\/v2\/pages\/1930\/revisions\/2650"}],"wp:attachment":[{"href":"https:\/\/ksolar.com.br\/index.php\/wp-json\/wp\/v2\/media?parent=1930"}],"curies":[{"name":"wp","href":"https:\/\/api.w.org\/{rel}","templated":true}]}}