{"id":1968,"date":"2024-07-15T17:31:50","date_gmt":"2024-07-15T20:31:50","guid":{"rendered":"https:\/\/ksolar.com.br\/?page_id=1968"},"modified":"2024-09-10T00:18:44","modified_gmt":"2024-09-10T03:18:44","slug":"portifolio-fotovoltaico-jundiai","status":"publish","type":"page","link":"https:\/\/ksolar.com.br\/index.php\/portifolio-fotovoltaico-jundiai\/","title":{"rendered":"Portif\u00f3lio Fotovoltaico Jundia\u00ed"},"content":{"rendered":"\t\t<div data-elementor-type=\"wp-page\" data-elementor-id=\"1968\" class=\"elementor elementor-1968\" data-elementor-post-type=\"page\">\n\t\t\t\t<div class=\"elementor-element elementor-element-764e34a4 e-flex e-con-boxed e-con e-parent\" data-id=\"764e34a4\" data-element_type=\"container\" data-settings=\"{&quot;background_background&quot;:&quot;classic&quot;}\" data-core-v316-plus=\"true\">\n\t\t\t\t\t<div class=\"e-con-inner\">\n\t\t<div class=\"elementor-element elementor-element-21f49d62 e-con-full e-flex e-con e-child\" data-id=\"21f49d62\" data-element_type=\"container\" data-settings=\"{&quot;background_background&quot;:&quot;classic&quot;}\">\n\t\t<div class=\"elementor-element elementor-element-56d8e5fa e-con-full e-flex e-con e-child\" data-id=\"56d8e5fa\" data-element_type=\"container\">\n\t\t\t\t<div class=\"elementor-element elementor-element-3560fd9f elementor-widget elementor-widget-heading\" data-id=\"3560fd9f\" data-element_type=\"widget\" data-widget_type=\"heading.default\">\n\t\t\t\t<div class=\"elementor-widget-container\">\n\t\t\t<style>\/*! elementor - v3.20.0 - 10-04-2024 *\/\n.elementor-heading-title{padding:0;margin:0;line-height:1}.elementor-widget-heading .elementor-heading-title[class*=elementor-size-]>a{color:inherit;font-size:inherit;line-height:inherit}.elementor-widget-heading .elementor-heading-title.elementor-size-small{font-size:15px}.elementor-widget-heading .elementor-heading-title.elementor-size-medium{font-size:19px}.elementor-widget-heading .elementor-heading-title.elementor-size-large{font-size:29px}.elementor-widget-heading .elementor-heading-title.elementor-size-xl{font-size:39px}.elementor-widget-heading .elementor-heading-title.elementor-size-xxl{font-size:59px}<\/style><h5 class=\"elementor-heading-title elementor-size-default\">Por :<\/h5>\t\t<\/div>\n\t\t\t\t<\/div>\n\t\t\t\t<div class=\"elementor-element elementor-element-4267c76b elementor-widget__width-initial elementor-widget-tablet__width-auto elementor-widget-mobile__width-initial elementor-widget elementor-widget-jkit_post_author\" data-id=\"4267c76b\" data-element_type=\"widget\" data-widget_type=\"jkit_post_author.default\">\n\t\t\t\t<div class=\"elementor-widget-container\">\n\t\t\t<div  class=\"jeg-elementor-kit jkit-post-author jeg_module___69d2a6c12c6a3\" ><p class=\"post-author \">ksolar.com.br<\/p><\/div>\t\t<\/div>\n\t\t\t\t<\/div>\n\t\t\t\t<div class=\"elementor-element elementor-element-3c94ee55 elementor-widget elementor-widget-heading\" data-id=\"3c94ee55\" data-element_type=\"widget\" data-widget_type=\"heading.default\">\n\t\t\t\t<div class=\"elementor-widget-container\">\n\t\t\t<h5 class=\"elementor-heading-title elementor-size-default\">Data :<\/h5>\t\t<\/div>\n\t\t\t\t<\/div>\n\t\t\t\t<div class=\"elementor-element elementor-element-4d6159fb elementor-widget__width-auto elementor-widget elementor-widget-jkit_post_date\" data-id=\"4d6159fb\" data-element_type=\"widget\" data-widget_type=\"jkit_post_date.default\">\n\t\t\t\t<div class=\"elementor-widget-container\">\n\t\t\t<div  class=\"jeg-elementor-kit jkit-post-date jeg_module__1_69d2a6c12d517\" ><p class=\"post-date \">15 de julho de 2024<\/p><\/div>\t\t<\/div>\n\t\t\t\t<\/div>\n\t\t\t\t<\/div>\n\t\t<div class=\"elementor-element elementor-element-5ccffe49 e-con-full e-flex e-con e-child\" data-id=\"5ccffe49\" data-element_type=\"container\">\n\t\t\t\t<div class=\"elementor-element elementor-element-2641fb4b animated-slow elementor-invisible elementor-widget elementor-widget-heading\" data-id=\"2641fb4b\" data-element_type=\"widget\" data-settings=\"{&quot;_animation&quot;:&quot;zoomIn&quot;}\" data-widget_type=\"heading.default\">\n\t\t\t\t<div class=\"elementor-widget-container\">\n\t\t\t<h2 class=\"elementor-heading-title elementor-size-default\">PORTIF\u00d3LIO KSOLAR<\/h2>\t\t<\/div>\n\t\t\t\t<\/div>\n\t\t\t\t<\/div>\n\t\t\t\t<\/div>\n\t\t\t\t\t<\/div>\n\t\t\t\t<\/div>\n\t\t<div class=\"elementor-element elementor-element-3c8d7743 e-flex e-con-boxed e-con e-parent\" data-id=\"3c8d7743\" data-element_type=\"container\" data-settings=\"{&quot;background_background&quot;:&quot;classic&quot;}\" data-core-v316-plus=\"true\">\n\t\t\t\t\t<div class=\"e-con-inner\">\n\t\t\t\t<div class=\"elementor-element elementor-element-c6a2f84 elementor-widget elementor-widget-heading\" data-id=\"c6a2f84\" data-element_type=\"widget\" data-widget_type=\"heading.default\">\n\t\t\t\t<div class=\"elementor-widget-container\">\n\t\t\t<h1 class=\"elementor-heading-title elementor-size-default\">Projetos Finalizados<\/h1>\t\t<\/div>\n\t\t\t\t<\/div>\n\t\t\t\t<div class=\"elementor-element elementor-element-17fdf9a8 elementor-widget elementor-widget-text-editor\" data-id=\"17fdf9a8\" data-element_type=\"widget\" data-widget_type=\"text-editor.default\">\n\t\t\t\t<div class=\"elementor-widget-container\">\n\t\t\t<style>\/*! elementor - v3.20.0 - 10-04-2024 *\/\n.elementor-widget-text-editor.elementor-drop-cap-view-stacked .elementor-drop-cap{background-color:#69727d;color:#fff}.elementor-widget-text-editor.elementor-drop-cap-view-framed .elementor-drop-cap{color:#69727d;border:3px solid;background-color:transparent}.elementor-widget-text-editor:not(.elementor-drop-cap-view-default) .elementor-drop-cap{margin-top:8px}.elementor-widget-text-editor:not(.elementor-drop-cap-view-default) .elementor-drop-cap-letter{width:1em;height:1em}.elementor-widget-text-editor .elementor-drop-cap{float:left;text-align:center;line-height:1;font-size:50px}.elementor-widget-text-editor .elementor-drop-cap-letter{display:inline-block}<\/style>\t\t\t\t<p style=\"text-align: left;\">O seguinte projeto se apresenta como um galp\u00e3o comercial, em que se observa a inexist\u00eancia de sombreamento, sendo favor\u00e1vel ao sistema em operar com alta efici\u00eancia. Outro ponto favor\u00e1vel desse projeto, \u00e9 o tipo de telhado, em que se apresenta bem conservado, sendo adequado para a instala\u00e7\u00e3o dos m\u00f3dulos fotovoltaicos. A manuten\u00e7\u00e3o pra este tipo de projeto pode ser anualmente, com a limpeza dos m\u00f3dulos, verifica\u00e7\u00e3o dos conectores e cabeamento.<\/p>\t\t\t\t\t\t<\/div>\n\t\t\t\t<\/div>\n\t\t\t\t\t<\/div>\n\t\t\t\t<\/div>\n\t\t<div class=\"elementor-element elementor-element-34d04fe2 e-con-full e-flex e-con e-parent\" data-id=\"34d04fe2\" data-element_type=\"container\" data-settings=\"{&quot;background_background&quot;:&quot;classic&quot;}\" data-core-v316-plus=\"true\">\n\t\t\t\t<div class=\"elementor-element elementor-element-4d42f47b elementor-widget__width-inherit elementor-widget elementor-widget-text-editor\" data-id=\"4d42f47b\" data-element_type=\"widget\" data-widget_type=\"text-editor.default\">\n\t\t\t\t<div class=\"elementor-widget-container\">\n\t\t\t\t\t\t\t\t\t\t<style>\r\n                #foogallery-gallery-1959.fg-masonry .fg-item {\r\n                    width: 250px;\r\n                    margin-right: 10px;\r\n                    margin-bottom: 10px;\r\n                }\r\n\t\t\t<\/style>\r\n\t\t\t<div class=\"foogallery foogallery-container foogallery-masonry foogallery-lightbox-foogallery fg-center fg-masonry fg-light fg-border-thin fg-shadow-small fg-loading-default fg-loaded-fade-in fg-captions-bottom fg-hover-fade fg-hover-plus fg-ready fg-fixed\" id=\"foogallery-gallery-1959\" data-foogallery=\"{&quot;item&quot;:{&quot;showCaptionTitle&quot;:true,&quot;showCaptionDescription&quot;:true},&quot;lazy&quot;:true,&quot;template&quot;:{&quot;columnWidth&quot;:250,&quot;gutter&quot;:10}}\" data-foogallery-lightbox=\"{&quot;theme&quot;:&quot;fg-dark&quot;,&quot;thumbs&quot;:&quot;bottom&quot;,&quot;thumbsCaptions&quot;:false,&quot;thumbsBestFit&quot;:false,&quot;thumbsSmall&quot;:false,&quot;thumbsCaptionsAlign&quot;:&quot;default&quot;,&quot;info&quot;:&quot;bottom&quot;,&quot;infoVisible&quot;:true,&quot;infoOverlay&quot;:true,&quot;infoAlign&quot;:&quot;default&quot;,&quot;transition&quot;:&quot;fade&quot;,&quot;hoverButtons&quot;:false,&quot;fitMedia&quot;:false,&quot;noScrollbars&quot;:true,&quot;preserveButtonSpace&quot;:true,&quot;buttons&quot;:{&quot;fullscreen&quot;:true,&quot;info&quot;:true,&quot;thumbs&quot;:false},&quot;video&quot;:{&quot;autoPlay&quot;:true}}\" >\r\n\t\t<div class=\"fg-item fg-type-image fg-idle\"><figure class=\"fg-item-inner\"><a href=\"https:\/\/ksolar.com.br\/wp-content\/uploads\/2024\/07\/IMG-20201022-WA0004_Watermarked.jpg\" data-caption-title=\"Sistema em pleno funcionamento\" data-attachment-id=\"1967\" data-type=\"image\" class=\"fg-thumb\"><span class=\"fg-image-wrap\"><img decoding=\"async\" title=\"Sistema em pleno funcionamento\" width=\"250\" height=\"188\" class=\"skip-lazy fg-image\" data-src-fg=\"https:\/\/ksolar.com.br\/wp-content\/uploads\/cache\/2024\/07\/IMG-20201022-WA0004_Watermarked\/513904817.jpg\" src=\"data:image\/svg+xml,%3Csvg%20xmlns%3D%22http%3A%2F%2Fwww.w3.org%2F2000%2Fsvg%22%20width%3D%22250%22%20height%3D%22188%22%20viewBox%3D%220%200%20250%20188%22%3E%3C%2Fsvg%3E\" loading=\"eager\"><\/span><span class=\"fg-image-overlay\"><\/span><\/a><figcaption class=\"fg-caption\"><div class=\"fg-caption-inner\"><div class=\"fg-caption-title\">Sistema em pleno funcionamento<\/div><\/div><\/figcaption><\/figure><div class=\"fg-loader\"><\/div><\/div><div class=\"fg-item fg-type-image fg-idle\"><figure class=\"fg-item-inner\"><a href=\"https:\/\/ksolar.com.br\/wp-content\/uploads\/2024\/07\/IMG-20201014-WA0000_Watermarked.jpg\" data-caption-title=\"Projeto conclu\u00eddo\" data-attachment-id=\"1964\" data-type=\"image\" class=\"fg-thumb\"><span class=\"fg-image-wrap\"><img decoding=\"async\" title=\"Projeto conclu\u00eddo\" width=\"250\" height=\"188\" class=\"skip-lazy fg-image\" data-src-fg=\"https:\/\/ksolar.com.br\/wp-content\/uploads\/cache\/2024\/07\/IMG-20201014-WA0000_Watermarked\/909814670.jpg\" src=\"data:image\/svg+xml,%3Csvg%20xmlns%3D%22http%3A%2F%2Fwww.w3.org%2F2000%2Fsvg%22%20width%3D%22250%22%20height%3D%22188%22%20viewBox%3D%220%200%20250%20188%22%3E%3C%2Fsvg%3E\" loading=\"eager\"><\/span><span class=\"fg-image-overlay\"><\/span><\/a><figcaption class=\"fg-caption\"><div class=\"fg-caption-inner\"><div class=\"fg-caption-title\">Projeto conclu\u00eddo<\/div><\/div><\/figcaption><\/figure><div class=\"fg-loader\"><\/div><\/div><div class=\"fg-item fg-type-image fg-idle\"><figure class=\"fg-item-inner\"><a href=\"https:\/\/ksolar.com.br\/wp-content\/uploads\/2024\/07\/IMG-20201022-WA0001_Watermarked.jpg\" data-caption-title=\"M\u00f3dulos fotovoltaicos instalados\" data-attachment-id=\"1965\" data-type=\"image\" class=\"fg-thumb\"><span class=\"fg-image-wrap\"><img decoding=\"async\" title=\"M\u00f3dulos fotovoltaicos instalados\" width=\"250\" height=\"188\" class=\"skip-lazy fg-image\" data-src-fg=\"https:\/\/ksolar.com.br\/wp-content\/uploads\/cache\/2024\/07\/IMG-20201022-WA0001_Watermarked\/324710805.jpg\" src=\"data:image\/svg+xml,%3Csvg%20xmlns%3D%22http%3A%2F%2Fwww.w3.org%2F2000%2Fsvg%22%20width%3D%22250%22%20height%3D%22188%22%20viewBox%3D%220%200%20250%20188%22%3E%3C%2Fsvg%3E\" loading=\"eager\"><\/span><span class=\"fg-image-overlay\"><\/span><\/a><figcaption class=\"fg-caption\"><div class=\"fg-caption-inner\"><div class=\"fg-caption-title\">M\u00f3dulos fotovoltaicos instalados<\/div><\/div><\/figcaption><\/figure><div class=\"fg-loader\"><\/div><\/div><div class=\"fg-item fg-type-image fg-idle\"><figure class=\"fg-item-inner\"><a href=\"https:\/\/ksolar.com.br\/wp-content\/uploads\/2024\/07\/IMG-20201022-WA0002_Watermarked.jpg\" data-caption-title=\"Inversor em funcionamento\" data-attachment-id=\"1966\" data-type=\"image\" class=\"fg-thumb\"><span class=\"fg-image-wrap\"><img decoding=\"async\" title=\"Inversor em funcionamento\" width=\"250\" height=\"141\" class=\"skip-lazy fg-image\" data-src-fg=\"https:\/\/ksolar.com.br\/wp-content\/uploads\/cache\/2024\/07\/IMG-20201022-WA0002_Watermarked\/1677883097.jpg\" src=\"data:image\/svg+xml,%3Csvg%20xmlns%3D%22http%3A%2F%2Fwww.w3.org%2F2000%2Fsvg%22%20width%3D%22250%22%20height%3D%22141%22%20viewBox%3D%220%200%20250%20141%22%3E%3C%2Fsvg%3E\" loading=\"eager\"><\/span><span class=\"fg-image-overlay\"><\/span><\/a><figcaption class=\"fg-caption\"><div class=\"fg-caption-inner\"><div class=\"fg-caption-title\">Inversor em funcionamento<\/div><\/div><\/figcaption><\/figure><div class=\"fg-loader\"><\/div><\/div><\/div>\t\t\t\t\t\t<\/div>\n\t\t\t\t<\/div>\n\t\t\t\t<\/div>\n\t\t<div class=\"elementor-element elementor-element-a56dbf1 e-flex e-con-boxed e-con e-parent\" data-id=\"a56dbf1\" data-element_type=\"container\" data-core-v316-plus=\"true\">\n\t\t\t\t\t<div class=\"e-con-inner\">\n\t\t\t\t\t<\/div>\n\t\t\t\t<\/div>\n\t\t\t\t<\/div>\n\t\t","protected":false},"excerpt":{"rendered":"<p>Por : ksolar.com.br Data : 15 de julho de 2024 PORTIF\u00d3LIO KSOLAR Projetos Finalizados O seguinte projeto se apresenta como um galp\u00e3o comercial, em que se observa a inexist\u00eancia de sombreamento, sendo favor\u00e1vel ao sistema em operar com alta efici\u00eancia. Outro ponto favor\u00e1vel desse projeto, \u00e9 o tipo de telhado, em que se apresenta bem [&hellip;]<\/p>\n","protected":false},"author":1,"featured_media":0,"parent":0,"menu_order":0,"comment_status":"closed","ping_status":"closed","template":"elementor_header_footer","meta":{"footnotes":"","_joinchat":[]},"_links":{"self":[{"href":"https:\/\/ksolar.com.br\/index.php\/wp-json\/wp\/v2\/pages\/1968"}],"collection":[{"href":"https:\/\/ksolar.com.br\/index.php\/wp-json\/wp\/v2\/pages"}],"about":[{"href":"https:\/\/ksolar.com.br\/index.php\/wp-json\/wp\/v2\/types\/page"}],"author":[{"embeddable":true,"href":"https:\/\/ksolar.com.br\/index.php\/wp-json\/wp\/v2\/users\/1"}],"replies":[{"embeddable":true,"href":"https:\/\/ksolar.com.br\/index.php\/wp-json\/wp\/v2\/comments?post=1968"}],"version-history":[{"count":19,"href":"https:\/\/ksolar.com.br\/index.php\/wp-json\/wp\/v2\/pages\/1968\/revisions"}],"predecessor-version":[{"id":2675,"href":"https:\/\/ksolar.com.br\/index.php\/wp-json\/wp\/v2\/pages\/1968\/revisions\/2675"}],"wp:attachment":[{"href":"https:\/\/ksolar.com.br\/index.php\/wp-json\/wp\/v2\/media?parent=1968"}],"curies":[{"name":"wp","href":"https:\/\/api.w.org\/{rel}","templated":true}]}}