{"id":2,"date":"2024-01-23T22:19:41","date_gmt":"2024-01-24T01:19:41","guid":{"rendered":"http:\/\/ksolar.com.br\/?page_id=2"},"modified":"2024-01-24T11:50:21","modified_gmt":"2024-01-24T14:50:21","slug":"pagina-exemplo","status":"publish","type":"page","link":"https:\/\/ksolar.com.br\/index.php\/pagina-exemplo\/","title":{"rendered":"P\u00e1gina de exemplo"},"content":{"rendered":"\n<p>Esta \u00e9 uma p\u00e1gina de exemplo. \u00c9 diferente de um post no blog porque ela permanecer\u00e1 em um lugar e aparecer\u00e1 na navega\u00e7\u00e3o do seu site na maioria dos temas. Muitas pessoas come\u00e7am com uma p\u00e1gina que as apresenta a poss\u00edveis visitantes do site. Ela pode dizer algo assim:<\/p>\n\n\n\n<blockquote class=\"wp-block-quote\">\n<p>Ol\u00e1! Eu sou um mensageiro de bicicleta durante o dia, ator aspirante \u00e0 noite, e este \u00e9 o meu site. Eu moro em S\u00e3o Paulo, tenho um grande cachorro chamado Rex e gosto de tomar caipirinha (e banhos de chuva).<\/p>\n\n\n\n<p>[solar_wizard]<\/p>\n\n\n\n<pre class=\"wp-block-code\"><code>  \n \n          <\/code><\/pre>\n<cite><code>&lt;script src=\"https:\/\/ajax.googleapis.com\/ajax\/libs\/webfont\/1.6.26\/webfont.js\">&lt;\/script> &lt;div class=\"calculator\" id=\"a3467d45-d2da-4eed-a962-c4041812aa03\" data-calc-id=\"a3467d45-d2da-4eed-a962-c4041812aa03\">&lt;\/div> &lt;script type=\"text\/javascript\" id=\"mavvo-embedder-a3467d45-d2da-4eed-a962-c4041812aa03\" class=\"mavvo-async-script-loader\"> (function() { function async_load(){ var s = document.createElement(\"script\"); s.type = \"text\/javascript\"; s.async = true; var url = \"https:\/\/app.solarcalculator.io\/widget\/embed\/a3467d45-d2da-4eed-a962-c4041812aa03\"; s.src = url + ( url.indexOf(\"?\") >= 0 ? \"&amp;\" : \"?\") + \"ref=\" + encodeURIComponent(window.location.href); var embedder = document.getElementById(\"a3467d45-d2da-4eed-a962-c4041812aa03\"); embedder.parentNode.insertBefore(s, embedder); } if (window.attachEvent) { window.attachEvent(\"onload\", async_load); } else { window.addEventListener(\"load\", async_load, false); } })(); &lt;\/script><\/code><\/cite><\/blockquote>\n\n\n\n<p>&#8230;ou alguma coisa assim:<\/p>\n\n\n\n<blockquote class=\"wp-block-quote\">\n<p>A Companhia de Miniaturas XYZ foi fundada em 1971, e desde ent\u00e3o tem fornecido miniaturas de qualidade ao p\u00fablico. Localizada na cidade de Itu, a XYZ emprega mais de 2.000 pessoas e faz coisas grandiosas para a comunidade da cidade.<\/p>\n<\/blockquote>\n\n\n\n<p>Como um novo usu\u00e1rio do WordPress, voc\u00ea deveria ir ao <a href=\"http:\/\/ksolar.com.br\/wp-admin\/\">painel<\/a> para excluir essa p\u00e1gina e criar novas p\u00e1ginas para o seu conte\u00fado. Divirta-se!<\/p>\n","protected":false},"excerpt":{"rendered":"<p>Esta \u00e9 uma p\u00e1gina de exemplo. \u00c9 diferente de um post no blog porque ela permanecer\u00e1 em um lugar e aparecer\u00e1 na navega\u00e7\u00e3o do seu site na maioria dos temas. Muitas pessoas come\u00e7am com uma p\u00e1gina que as apresenta a poss\u00edveis visitantes do site. Ela pode dizer algo assim: &#8230;ou alguma coisa assim: A Companhia [&hellip;]<\/p>\n","protected":false},"author":1,"featured_media":0,"parent":0,"menu_order":0,"comment_status":"closed","ping_status":"open","template":"","meta":{"footnotes":"","_joinchat":[]},"_links":{"self":[{"href":"https:\/\/ksolar.com.br\/index.php\/wp-json\/wp\/v2\/pages\/2"}],"collection":[{"href":"https:\/\/ksolar.com.br\/index.php\/wp-json\/wp\/v2\/pages"}],"about":[{"href":"https:\/\/ksolar.com.br\/index.php\/wp-json\/wp\/v2\/types\/page"}],"author":[{"embeddable":true,"href":"https:\/\/ksolar.com.br\/index.php\/wp-json\/wp\/v2\/users\/1"}],"replies":[{"embeddable":true,"href":"https:\/\/ksolar.com.br\/index.php\/wp-json\/wp\/v2\/comments?post=2"}],"version-history":[{"count":3,"href":"https:\/\/ksolar.com.br\/index.php\/wp-json\/wp\/v2\/pages\/2\/revisions"}],"predecessor-version":[{"id":13,"href":"https:\/\/ksolar.com.br\/index.php\/wp-json\/wp\/v2\/pages\/2\/revisions\/13"}],"wp:attachment":[{"href":"https:\/\/ksolar.com.br\/index.php\/wp-json\/wp\/v2\/media?parent=2"}],"curies":[{"name":"wp","href":"https:\/\/api.w.org\/{rel}","templated":true}]}}