{"id":2530,"date":"2024-08-19T18:07:04","date_gmt":"2024-08-19T21:07:04","guid":{"rendered":"https:\/\/ksolar.com.br\/?page_id=2530"},"modified":"2024-09-09T23:24:32","modified_gmt":"2024-09-10T02:24:32","slug":"elementor-2530","status":"publish","type":"page","link":"https:\/\/ksolar.com.br\/index.php\/elementor-2530\/","title":{"rendered":"Portif\u00f3lio El\u00e9trica (APT S\u00e3o Paulo)"},"content":{"rendered":"\t\t<div data-elementor-type=\"wp-page\" data-elementor-id=\"2530\" class=\"elementor elementor-2530\" data-elementor-post-type=\"page\">\n\t\t\t\t<div class=\"elementor-element elementor-element-5ae564a1 e-flex e-con-boxed e-con e-parent\" data-id=\"5ae564a1\" data-element_type=\"container\" data-settings=\"{&quot;background_background&quot;:&quot;classic&quot;}\" data-core-v316-plus=\"true\">\n\t\t\t\t\t<div class=\"e-con-inner\">\n\t\t<div class=\"elementor-element elementor-element-1afa7137 e-con-full e-flex e-con e-child\" data-id=\"1afa7137\" data-element_type=\"container\" data-settings=\"{&quot;background_background&quot;:&quot;classic&quot;}\">\n\t\t<div class=\"elementor-element elementor-element-7126cf2f e-con-full e-flex e-con e-child\" data-id=\"7126cf2f\" data-element_type=\"container\">\n\t\t\t\t<div class=\"elementor-element elementor-element-43f4bf7 elementor-widget elementor-widget-heading\" data-id=\"43f4bf7\" data-element_type=\"widget\" data-widget_type=\"heading.default\">\n\t\t\t\t<div class=\"elementor-widget-container\">\n\t\t\t<style>\/*! elementor - v3.20.0 - 10-04-2024 *\/\n.elementor-heading-title{padding:0;margin:0;line-height:1}.elementor-widget-heading .elementor-heading-title[class*=elementor-size-]>a{color:inherit;font-size:inherit;line-height:inherit}.elementor-widget-heading .elementor-heading-title.elementor-size-small{font-size:15px}.elementor-widget-heading .elementor-heading-title.elementor-size-medium{font-size:19px}.elementor-widget-heading .elementor-heading-title.elementor-size-large{font-size:29px}.elementor-widget-heading .elementor-heading-title.elementor-size-xl{font-size:39px}.elementor-widget-heading .elementor-heading-title.elementor-size-xxl{font-size:59px}<\/style><h5 class=\"elementor-heading-title elementor-size-default\">Por :<\/h5>\t\t<\/div>\n\t\t\t\t<\/div>\n\t\t\t\t<div class=\"elementor-element elementor-element-21ba652 elementor-widget__width-initial elementor-widget-tablet__width-auto elementor-widget-mobile__width-initial elementor-widget elementor-widget-jkit_post_author\" data-id=\"21ba652\" data-element_type=\"widget\" data-widget_type=\"jkit_post_author.default\">\n\t\t\t\t<div class=\"elementor-widget-container\">\n\t\t\t<div  class=\"jeg-elementor-kit jkit-post-author jeg_module___69d77789886c0\" ><p class=\"post-author \">ksolar.com.br<\/p><\/div>\t\t<\/div>\n\t\t\t\t<\/div>\n\t\t\t\t<div class=\"elementor-element elementor-element-4960959d elementor-widget elementor-widget-heading\" data-id=\"4960959d\" data-element_type=\"widget\" data-widget_type=\"heading.default\">\n\t\t\t\t<div class=\"elementor-widget-container\">\n\t\t\t<h5 class=\"elementor-heading-title elementor-size-default\">Data :<\/h5>\t\t<\/div>\n\t\t\t\t<\/div>\n\t\t\t\t<div class=\"elementor-element elementor-element-13a3bfaa elementor-widget__width-auto elementor-widget elementor-widget-jkit_post_date\" data-id=\"13a3bfaa\" data-element_type=\"widget\" data-widget_type=\"jkit_post_date.default\">\n\t\t\t\t<div class=\"elementor-widget-container\">\n\t\t\t<div  class=\"jeg-elementor-kit jkit-post-date jeg_module__1_69d7778989242\" ><p class=\"post-date \">19 de agosto de 2024<\/p><\/div>\t\t<\/div>\n\t\t\t\t<\/div>\n\t\t\t\t<\/div>\n\t\t<div class=\"elementor-element elementor-element-318b5c50 e-con-full e-flex e-con e-child\" data-id=\"318b5c50\" data-element_type=\"container\">\n\t\t\t\t<div class=\"elementor-element elementor-element-23ed159 animated-slow elementor-invisible elementor-widget elementor-widget-heading\" data-id=\"23ed159\" data-element_type=\"widget\" data-settings=\"{&quot;_animation&quot;:&quot;zoomIn&quot;}\" data-widget_type=\"heading.default\">\n\t\t\t\t<div class=\"elementor-widget-container\">\n\t\t\t<h2 class=\"elementor-heading-title elementor-size-default\">PORTIF\u00d3LIO KSOLAR<\/h2>\t\t<\/div>\n\t\t\t\t<\/div>\n\t\t\t\t<\/div>\n\t\t\t\t<\/div>\n\t\t\t\t\t<\/div>\n\t\t\t\t<\/div>\n\t\t<div class=\"elementor-element elementor-element-7943a79b e-flex e-con-boxed e-con e-parent\" data-id=\"7943a79b\" data-element_type=\"container\" data-settings=\"{&quot;background_background&quot;:&quot;classic&quot;}\" data-core-v316-plus=\"true\">\n\t\t\t\t\t<div class=\"e-con-inner\">\n\t\t\t\t<div class=\"elementor-element elementor-element-789f0f9d elementor-widget elementor-widget-heading\" data-id=\"789f0f9d\" data-element_type=\"widget\" data-widget_type=\"heading.default\">\n\t\t\t\t<div class=\"elementor-widget-container\">\n\t\t\t<h1 class=\"elementor-heading-title elementor-size-default\">Projetos Finalizados<\/h1>\t\t<\/div>\n\t\t\t\t<\/div>\n\t\t\t\t<div class=\"elementor-element elementor-element-6dbc8984 elementor-widget elementor-widget-text-editor\" data-id=\"6dbc8984\" data-element_type=\"widget\" data-widget_type=\"text-editor.default\">\n\t\t\t\t<div class=\"elementor-widget-container\">\n\t\t\t<style>\/*! elementor - v3.20.0 - 10-04-2024 *\/\n.elementor-widget-text-editor.elementor-drop-cap-view-stacked .elementor-drop-cap{background-color:#69727d;color:#fff}.elementor-widget-text-editor.elementor-drop-cap-view-framed .elementor-drop-cap{color:#69727d;border:3px solid;background-color:transparent}.elementor-widget-text-editor:not(.elementor-drop-cap-view-default) .elementor-drop-cap{margin-top:8px}.elementor-widget-text-editor:not(.elementor-drop-cap-view-default) .elementor-drop-cap-letter{width:1em;height:1em}.elementor-widget-text-editor .elementor-drop-cap{float:left;text-align:center;line-height:1;font-size:50px}.elementor-widget-text-editor .elementor-drop-cap-letter{display:inline-block}<\/style>\t\t\t\t<p>O servi\u00e7o contratado foi de instala\u00e7\u00e3o de lumin\u00e1ria e chuveiro (ducha). O material foi disponibilizado pelo cliente.\u00a0<\/p>\t\t\t\t\t\t<\/div>\n\t\t\t\t<\/div>\n\t\t\t\t\t<\/div>\n\t\t\t\t<\/div>\n\t\t<div class=\"elementor-element elementor-element-7de7534c e-con-full e-flex e-con e-parent\" data-id=\"7de7534c\" data-element_type=\"container\" data-settings=\"{&quot;background_background&quot;:&quot;classic&quot;}\" data-core-v316-plus=\"true\">\n\t\t\t\t<div class=\"elementor-element elementor-element-68954d05 elementor-widget__width-inherit elementor-widget elementor-widget-text-editor\" data-id=\"68954d05\" data-element_type=\"widget\" data-widget_type=\"text-editor.default\">\n\t\t\t\t<div class=\"elementor-widget-container\">\n\t\t\t\t\t\t\t\t\t\t<style>\r\n                #foogallery-gallery-2524.fg-masonry .fg-item {\r\n                    width: 250px;\r\n                    margin-right: 10px;\r\n                    margin-bottom: 10px;\r\n                }\r\n\t\t\t<\/style>\r\n\t\t\t<div class=\"foogallery foogallery-container foogallery-masonry foogallery-lightbox-foogallery fg-center fg-masonry fg-light fg-border-thin fg-shadow-small fg-loading-default fg-loaded-fade-in fg-captions-bottom fg-hover-fade fg-hover-plus fg-ready fg-fixed\" id=\"foogallery-gallery-2524\" data-foogallery=\"{&quot;item&quot;:{&quot;showCaptionTitle&quot;:true,&quot;showCaptionDescription&quot;:true},&quot;lazy&quot;:true,&quot;template&quot;:{&quot;columnWidth&quot;:250,&quot;gutter&quot;:10}}\" data-foogallery-lightbox=\"{&quot;theme&quot;:&quot;fg-dark&quot;,&quot;thumbs&quot;:&quot;bottom&quot;,&quot;thumbsCaptions&quot;:false,&quot;thumbsBestFit&quot;:false,&quot;thumbsSmall&quot;:false,&quot;thumbsCaptionsAlign&quot;:&quot;default&quot;,&quot;info&quot;:&quot;bottom&quot;,&quot;infoVisible&quot;:true,&quot;infoOverlay&quot;:true,&quot;infoAlign&quot;:&quot;default&quot;,&quot;transition&quot;:&quot;fade&quot;,&quot;hoverButtons&quot;:false,&quot;fitMedia&quot;:false,&quot;noScrollbars&quot;:true,&quot;preserveButtonSpace&quot;:true,&quot;buttons&quot;:{&quot;fullscreen&quot;:true,&quot;info&quot;:true,&quot;thumbs&quot;:false},&quot;video&quot;:{&quot;autoPlay&quot;:true}}\" >\r\n\t\t<div class=\"fg-item fg-type-image fg-idle\"><figure class=\"fg-item-inner\"><a href=\"https:\/\/ksolar.com.br\/wp-content\/uploads\/2024\/08\/WhatsApp-Image-2024-07-31-at-11.53.23_Watermarked.jpg\" data-caption-title=\"Lumin\u00e1ria Instalada\" data-attachment-id=\"2525\" data-type=\"image\" class=\"fg-thumb\"><span class=\"fg-image-wrap\"><img fetchpriority=\"high\" decoding=\"async\" title=\"Lumin\u00e1ria Instalada\" width=\"250\" height=\"444\" class=\"skip-lazy fg-image\" data-src-fg=\"https:\/\/ksolar.com.br\/wp-content\/uploads\/cache\/2024\/08\/WhatsApp-Image-2024-07-31-at-11_53_23_Watermarked\/1236480241.jpg\" src=\"data:image\/svg+xml,%3Csvg%20xmlns%3D%22http%3A%2F%2Fwww.w3.org%2F2000%2Fsvg%22%20width%3D%22250%22%20height%3D%22444%22%20viewBox%3D%220%200%20250%20444%22%3E%3C%2Fsvg%3E\" loading=\"eager\"><\/span><span class=\"fg-image-overlay\"><\/span><\/a><figcaption class=\"fg-caption\"><div class=\"fg-caption-inner\"><div class=\"fg-caption-title\">Lumin\u00e1ria Instalada<\/div><\/div><\/figcaption><\/figure><div class=\"fg-loader\"><\/div><\/div><div class=\"fg-item fg-type-image fg-idle\"><figure class=\"fg-item-inner\"><a href=\"https:\/\/ksolar.com.br\/wp-content\/uploads\/2024\/08\/WhatsApp-Image-2024-07-31-at-12.43.51_Watermarked.jpg\" data-caption-title=\"Lumin\u00e1ria Instalada\" data-attachment-id=\"2526\" data-type=\"image\" class=\"fg-thumb\"><span class=\"fg-image-wrap\"><img decoding=\"async\" title=\"Lumin\u00e1ria Instalada\" width=\"250\" height=\"444\" class=\"skip-lazy fg-image\" data-src-fg=\"https:\/\/ksolar.com.br\/wp-content\/uploads\/cache\/2024\/08\/WhatsApp-Image-2024-07-31-at-12_43_51_Watermarked\/2470121789.jpg\" src=\"data:image\/svg+xml,%3Csvg%20xmlns%3D%22http%3A%2F%2Fwww.w3.org%2F2000%2Fsvg%22%20width%3D%22250%22%20height%3D%22444%22%20viewBox%3D%220%200%20250%20444%22%3E%3C%2Fsvg%3E\" loading=\"eager\"><\/span><span class=\"fg-image-overlay\"><\/span><\/a><figcaption class=\"fg-caption\"><div class=\"fg-caption-inner\"><div class=\"fg-caption-title\">Lumin\u00e1ria Instalada<\/div><\/div><\/figcaption><\/figure><div class=\"fg-loader\"><\/div><\/div><div class=\"fg-item fg-type-image fg-idle\"><figure class=\"fg-item-inner\"><a href=\"https:\/\/ksolar.com.br\/wp-content\/uploads\/2024\/08\/WhatsApp-Image-2024-07-31-at-12.43.58_Watermarked.jpg\" data-caption-title=\"Lumin\u00e1ria instalada\" data-attachment-id=\"2527\" data-type=\"image\" class=\"fg-thumb\"><span class=\"fg-image-wrap\"><img decoding=\"async\" title=\"Lumin\u00e1ria instalada\" width=\"250\" height=\"444\" class=\"skip-lazy fg-image\" data-src-fg=\"https:\/\/ksolar.com.br\/wp-content\/uploads\/cache\/2024\/08\/WhatsApp-Image-2024-07-31-at-12_43_58_Watermarked\/1841902708.jpg\" src=\"data:image\/svg+xml,%3Csvg%20xmlns%3D%22http%3A%2F%2Fwww.w3.org%2F2000%2Fsvg%22%20width%3D%22250%22%20height%3D%22444%22%20viewBox%3D%220%200%20250%20444%22%3E%3C%2Fsvg%3E\" loading=\"eager\"><\/span><span class=\"fg-image-overlay\"><\/span><\/a><figcaption class=\"fg-caption\"><div class=\"fg-caption-inner\"><div class=\"fg-caption-title\">Lumin\u00e1ria instalada<\/div><\/div><\/figcaption><\/figure><div class=\"fg-loader\"><\/div><\/div><div class=\"fg-item fg-type-image fg-idle\"><figure class=\"fg-item-inner\"><a href=\"https:\/\/ksolar.com.br\/wp-content\/uploads\/2024\/08\/WhatsApp-Image-2024-07-31-at-12.44.12_Watermarked.jpg\" data-caption-title=\"Instalado chuveiro (Ducha)\" data-attachment-id=\"2528\" data-type=\"image\" class=\"fg-thumb\"><span class=\"fg-image-wrap\"><img decoding=\"async\" title=\"Instalado chuveiro (Ducha)\" width=\"250\" height=\"444\" class=\"skip-lazy fg-image\" data-src-fg=\"https:\/\/ksolar.com.br\/wp-content\/uploads\/cache\/2024\/08\/WhatsApp-Image-2024-07-31-at-12_44_12_Watermarked\/2130851460.jpg\" src=\"data:image\/svg+xml,%3Csvg%20xmlns%3D%22http%3A%2F%2Fwww.w3.org%2F2000%2Fsvg%22%20width%3D%22250%22%20height%3D%22444%22%20viewBox%3D%220%200%20250%20444%22%3E%3C%2Fsvg%3E\" loading=\"eager\"><\/span><span class=\"fg-image-overlay\"><\/span><\/a><figcaption class=\"fg-caption\"><div class=\"fg-caption-inner\"><div class=\"fg-caption-title\">Instalado chuveiro (Ducha)<\/div><\/div><\/figcaption><\/figure><div class=\"fg-loader\"><\/div><\/div><div class=\"fg-item fg-type-image fg-idle\"><figure class=\"fg-item-inner\"><a href=\"https:\/\/ksolar.com.br\/wp-content\/uploads\/2024\/08\/WhatsApp-Image-2024-07-31-at-12.44.28_Watermarked.jpg\" data-caption-title=\"Instalado chuveiro (Ducha)\" data-attachment-id=\"2529\" data-type=\"image\" class=\"fg-thumb\"><span class=\"fg-image-wrap\"><img decoding=\"async\" title=\"Instalado chuveiro (Ducha)\" width=\"250\" height=\"444\" class=\"skip-lazy fg-image\" data-src-fg=\"https:\/\/ksolar.com.br\/wp-content\/uploads\/cache\/2024\/08\/WhatsApp-Image-2024-07-31-at-12_44_28_Watermarked\/1430772964.jpg\" src=\"data:image\/svg+xml,%3Csvg%20xmlns%3D%22http%3A%2F%2Fwww.w3.org%2F2000%2Fsvg%22%20width%3D%22250%22%20height%3D%22444%22%20viewBox%3D%220%200%20250%20444%22%3E%3C%2Fsvg%3E\" loading=\"eager\"><\/span><span class=\"fg-image-overlay\"><\/span><\/a><figcaption class=\"fg-caption\"><div class=\"fg-caption-inner\"><div class=\"fg-caption-title\">Instalado chuveiro (Ducha)<\/div><\/div><\/figcaption><\/figure><div class=\"fg-loader\"><\/div><\/div><\/div>\t\t\t\t\t\t<\/div>\n\t\t\t\t<\/div>\n\t\t\t\t<\/div>\n\t\t<div class=\"elementor-element elementor-element-f5b3906 e-flex e-con-boxed e-con e-parent\" data-id=\"f5b3906\" data-element_type=\"container\" data-core-v316-plus=\"true\">\n\t\t\t\t\t<div class=\"e-con-inner\">\n\t\t\t\t\t<\/div>\n\t\t\t\t<\/div>\n\t\t\t\t<\/div>\n\t\t","protected":false},"excerpt":{"rendered":"<p>Por : ksolar.com.br Data : 19 de agosto de 2024 PORTIF\u00d3LIO KSOLAR Projetos Finalizados O servi\u00e7o contratado foi de instala\u00e7\u00e3o de lumin\u00e1ria e chuveiro (ducha). O material foi disponibilizado pelo cliente.\u00a0<\/p>\n","protected":false},"author":1,"featured_media":0,"parent":0,"menu_order":0,"comment_status":"closed","ping_status":"closed","template":"elementor_header_footer","meta":{"footnotes":"","_joinchat":[]},"_links":{"self":[{"href":"https:\/\/ksolar.com.br\/index.php\/wp-json\/wp\/v2\/pages\/2530"}],"collection":[{"href":"https:\/\/ksolar.com.br\/index.php\/wp-json\/wp\/v2\/pages"}],"about":[{"href":"https:\/\/ksolar.com.br\/index.php\/wp-json\/wp\/v2\/types\/page"}],"author":[{"embeddable":true,"href":"https:\/\/ksolar.com.br\/index.php\/wp-json\/wp\/v2\/users\/1"}],"replies":[{"embeddable":true,"href":"https:\/\/ksolar.com.br\/index.php\/wp-json\/wp\/v2\/comments?post=2530"}],"version-history":[{"count":11,"href":"https:\/\/ksolar.com.br\/index.php\/wp-json\/wp\/v2\/pages\/2530\/revisions"}],"predecessor-version":[{"id":2594,"href":"https:\/\/ksolar.com.br\/index.php\/wp-json\/wp\/v2\/pages\/2530\/revisions\/2594"}],"wp:attachment":[{"href":"https:\/\/ksolar.com.br\/index.php\/wp-json\/wp\/v2\/media?parent=2530"}],"curies":[{"name":"wp","href":"https:\/\/api.w.org\/{rel}","templated":true}]}}