{"id":2782,"date":"2024-10-23T18:24:47","date_gmt":"2024-10-23T21:24:47","guid":{"rendered":"https:\/\/ksolar.com.br\/?page_id=2782"},"modified":"2024-10-24T13:58:21","modified_gmt":"2024-10-24T16:58:21","slug":"portifolio-eletrica-iluminacao-sergio","status":"publish","type":"page","link":"https:\/\/ksolar.com.br\/index.php\/portifolio-eletrica-iluminacao-sergio\/","title":{"rendered":"Portif\u00f3lio El\u00e9trica (Ilumina\u00e7\u00e3o S\u00e9rgio)"},"content":{"rendered":"\t\t<div data-elementor-type=\"wp-page\" data-elementor-id=\"2782\" class=\"elementor elementor-2782\" data-elementor-post-type=\"page\">\n\t\t\t\t<div class=\"elementor-element elementor-element-13c410b3 e-flex e-con-boxed e-con e-parent\" data-id=\"13c410b3\" data-element_type=\"container\" data-settings=\"{&quot;background_background&quot;:&quot;classic&quot;}\" data-core-v316-plus=\"true\">\n\t\t\t\t\t<div class=\"e-con-inner\">\n\t\t<div class=\"elementor-element elementor-element-52677aa e-con-full e-flex e-con e-child\" data-id=\"52677aa\" data-element_type=\"container\" data-settings=\"{&quot;background_background&quot;:&quot;classic&quot;}\">\n\t\t<div class=\"elementor-element elementor-element-5191d9e6 e-con-full e-flex e-con e-child\" data-id=\"5191d9e6\" data-element_type=\"container\">\n\t\t\t\t<div class=\"elementor-element elementor-element-2a4d7691 elementor-widget elementor-widget-heading\" data-id=\"2a4d7691\" data-element_type=\"widget\" data-widget_type=\"heading.default\">\n\t\t\t\t<div class=\"elementor-widget-container\">\n\t\t\t<style>\/*! elementor - v3.20.0 - 10-04-2024 *\/\n.elementor-heading-title{padding:0;margin:0;line-height:1}.elementor-widget-heading .elementor-heading-title[class*=elementor-size-]>a{color:inherit;font-size:inherit;line-height:inherit}.elementor-widget-heading .elementor-heading-title.elementor-size-small{font-size:15px}.elementor-widget-heading .elementor-heading-title.elementor-size-medium{font-size:19px}.elementor-widget-heading .elementor-heading-title.elementor-size-large{font-size:29px}.elementor-widget-heading .elementor-heading-title.elementor-size-xl{font-size:39px}.elementor-widget-heading .elementor-heading-title.elementor-size-xxl{font-size:59px}<\/style><h5 class=\"elementor-heading-title elementor-size-default\">Por :<\/h5>\t\t<\/div>\n\t\t\t\t<\/div>\n\t\t\t\t<div class=\"elementor-element elementor-element-61baac74 elementor-widget__width-initial elementor-widget-tablet__width-auto elementor-widget-mobile__width-initial elementor-widget elementor-widget-jkit_post_author\" data-id=\"61baac74\" data-element_type=\"widget\" data-widget_type=\"jkit_post_author.default\">\n\t\t\t\t<div class=\"elementor-widget-container\">\n\t\t\t<div  class=\"jeg-elementor-kit jkit-post-author jeg_module___69d2a18f828bc\" ><p class=\"post-author \">ksolar.com.br<\/p><\/div>\t\t<\/div>\n\t\t\t\t<\/div>\n\t\t\t\t<div class=\"elementor-element elementor-element-63f53dd0 elementor-widget elementor-widget-heading\" data-id=\"63f53dd0\" data-element_type=\"widget\" data-widget_type=\"heading.default\">\n\t\t\t\t<div class=\"elementor-widget-container\">\n\t\t\t<h5 class=\"elementor-heading-title elementor-size-default\">Data :<\/h5>\t\t<\/div>\n\t\t\t\t<\/div>\n\t\t\t\t<div class=\"elementor-element elementor-element-4f7d117c elementor-widget__width-auto elementor-widget elementor-widget-jkit_post_date\" data-id=\"4f7d117c\" data-element_type=\"widget\" data-widget_type=\"jkit_post_date.default\">\n\t\t\t\t<div class=\"elementor-widget-container\">\n\t\t\t<div  class=\"jeg-elementor-kit jkit-post-date jeg_module__1_69d2a18f8372e\" ><p class=\"post-date \">23 de outubro de 2024<\/p><\/div>\t\t<\/div>\n\t\t\t\t<\/div>\n\t\t\t\t<\/div>\n\t\t<div class=\"elementor-element elementor-element-3891099c e-con-full e-flex e-con e-child\" data-id=\"3891099c\" data-element_type=\"container\">\n\t\t\t\t<div class=\"elementor-element elementor-element-5c6bfee animated-slow elementor-invisible elementor-widget elementor-widget-heading\" data-id=\"5c6bfee\" data-element_type=\"widget\" data-settings=\"{&quot;_animation&quot;:&quot;zoomIn&quot;}\" data-widget_type=\"heading.default\">\n\t\t\t\t<div class=\"elementor-widget-container\">\n\t\t\t<h2 class=\"elementor-heading-title elementor-size-default\">PORTIF\u00d3LIO KSOLAR<\/h2>\t\t<\/div>\n\t\t\t\t<\/div>\n\t\t\t\t<\/div>\n\t\t\t\t<\/div>\n\t\t\t\t\t<\/div>\n\t\t\t\t<\/div>\n\t\t<div class=\"elementor-element elementor-element-677031d6 e-flex e-con-boxed e-con e-parent\" data-id=\"677031d6\" data-element_type=\"container\" data-settings=\"{&quot;background_background&quot;:&quot;classic&quot;}\" data-core-v316-plus=\"true\">\n\t\t\t\t\t<div class=\"e-con-inner\">\n\t\t\t\t<div class=\"elementor-element elementor-element-242fdc79 elementor-widget elementor-widget-heading\" data-id=\"242fdc79\" data-element_type=\"widget\" data-widget_type=\"heading.default\">\n\t\t\t\t<div class=\"elementor-widget-container\">\n\t\t\t<h1 class=\"elementor-heading-title elementor-size-default\">Projetos Finalizados<\/h1>\t\t<\/div>\n\t\t\t\t<\/div>\n\t\t\t\t<div class=\"elementor-element elementor-element-5bd40fbd elementor-widget elementor-widget-text-editor\" data-id=\"5bd40fbd\" data-element_type=\"widget\" data-widget_type=\"text-editor.default\">\n\t\t\t\t<div class=\"elementor-widget-container\">\n\t\t\t<style>\/*! elementor - v3.20.0 - 10-04-2024 *\/\n.elementor-widget-text-editor.elementor-drop-cap-view-stacked .elementor-drop-cap{background-color:#69727d;color:#fff}.elementor-widget-text-editor.elementor-drop-cap-view-framed .elementor-drop-cap{color:#69727d;border:3px solid;background-color:transparent}.elementor-widget-text-editor:not(.elementor-drop-cap-view-default) .elementor-drop-cap{margin-top:8px}.elementor-widget-text-editor:not(.elementor-drop-cap-view-default) .elementor-drop-cap-letter{width:1em;height:1em}.elementor-widget-text-editor .elementor-drop-cap{float:left;text-align:center;line-height:1;font-size:50px}.elementor-widget-text-editor .elementor-drop-cap-letter{display:inline-block}<\/style>\t\t\t\t<p style=\"text-align: left;\">O servi\u00e7o a ser realizado foi de instala\u00e7\u00e3o de lumin\u00e1rias , o cliente nos apresentou quais lumin\u00e1rias seria apropriadas ao local e assim executou se o projeto descrito.<\/p>\t\t\t\t\t\t<\/div>\n\t\t\t\t<\/div>\n\t\t\t\t\t<\/div>\n\t\t\t\t<\/div>\n\t\t<div class=\"elementor-element elementor-element-7d818ac6 e-con-full e-flex e-con e-parent\" data-id=\"7d818ac6\" data-element_type=\"container\" data-settings=\"{&quot;background_background&quot;:&quot;classic&quot;}\" data-core-v316-plus=\"true\">\n\t\t\t\t<div class=\"elementor-element elementor-element-33d7a2d3 elementor-widget__width-inherit elementor-widget elementor-widget-text-editor\" data-id=\"33d7a2d3\" data-element_type=\"widget\" data-widget_type=\"text-editor.default\">\n\t\t\t\t<div class=\"elementor-widget-container\">\n\t\t\t\t\t\t\t\t\t\t<style>\r\n                #foogallery-gallery-2787.fg-masonry .fg-item {\r\n                    width: 250px;\r\n                    margin-right: 10px;\r\n                    margin-bottom: 10px;\r\n                }\r\n\t\t\t<\/style>\r\n\t\t\t<div class=\"foogallery foogallery-container foogallery-masonry foogallery-lightbox-foogallery fg-center fg-masonry fg-light fg-border-thin fg-shadow-small fg-loading-default fg-loaded-fade-in fg-captions-bottom fg-hover-fade fg-hover-plus fg-ready fg-fixed\" id=\"foogallery-gallery-2787\" data-foogallery=\"{&quot;item&quot;:{&quot;showCaptionTitle&quot;:true,&quot;showCaptionDescription&quot;:true},&quot;lazy&quot;:true,&quot;template&quot;:{&quot;columnWidth&quot;:250,&quot;gutter&quot;:10}}\" data-foogallery-lightbox=\"{&quot;theme&quot;:&quot;fg-dark&quot;,&quot;thumbs&quot;:&quot;bottom&quot;,&quot;thumbsCaptions&quot;:false,&quot;thumbsBestFit&quot;:false,&quot;thumbsSmall&quot;:false,&quot;thumbsCaptionsAlign&quot;:&quot;default&quot;,&quot;info&quot;:&quot;bottom&quot;,&quot;infoVisible&quot;:true,&quot;infoOverlay&quot;:true,&quot;infoAlign&quot;:&quot;default&quot;,&quot;transition&quot;:&quot;fade&quot;,&quot;hoverButtons&quot;:false,&quot;fitMedia&quot;:false,&quot;noScrollbars&quot;:true,&quot;preserveButtonSpace&quot;:true,&quot;buttons&quot;:{&quot;fullscreen&quot;:true,&quot;info&quot;:true,&quot;thumbs&quot;:false},&quot;video&quot;:{&quot;autoPlay&quot;:true}}\" >\r\n\t\t<div class=\"fg-item fg-type-image fg-idle\"><figure class=\"fg-item-inner\"><a href=\"https:\/\/ksolar.com.br\/wp-content\/uploads\/2024\/10\/IMG-20241004-WA0006_Watermarked.jpg\" data-attachment-id=\"2801\" data-type=\"image\" class=\"fg-thumb\"><span class=\"fg-image-wrap\"><img decoding=\"async\" width=\"250\" height=\"141\" class=\"skip-lazy fg-image\" data-src-fg=\"https:\/\/ksolar.com.br\/wp-content\/uploads\/cache\/2024\/10\/IMG-20241004-WA0006_Watermarked\/2274400945.jpg\" src=\"data:image\/svg+xml,%3Csvg%20xmlns%3D%22http%3A%2F%2Fwww.w3.org%2F2000%2Fsvg%22%20width%3D%22250%22%20height%3D%22141%22%20viewBox%3D%220%200%20250%20141%22%3E%3C%2Fsvg%3E\" loading=\"eager\"><\/span><span class=\"fg-image-overlay\"><\/span><\/a><\/figure><div class=\"fg-loader\"><\/div><\/div><div class=\"fg-item fg-type-image fg-idle\"><figure class=\"fg-item-inner\"><a href=\"https:\/\/ksolar.com.br\/wp-content\/uploads\/2024\/10\/IMG-20241004-WA0005_Watermarked.jpg\" data-attachment-id=\"2800\" data-type=\"image\" class=\"fg-thumb\"><span class=\"fg-image-wrap\"><img decoding=\"async\" width=\"250\" height=\"141\" class=\"skip-lazy fg-image\" data-src-fg=\"https:\/\/ksolar.com.br\/wp-content\/uploads\/cache\/2024\/10\/IMG-20241004-WA0005_Watermarked\/3602492614.jpg\" src=\"data:image\/svg+xml,%3Csvg%20xmlns%3D%22http%3A%2F%2Fwww.w3.org%2F2000%2Fsvg%22%20width%3D%22250%22%20height%3D%22141%22%20viewBox%3D%220%200%20250%20141%22%3E%3C%2Fsvg%3E\" loading=\"eager\"><\/span><span class=\"fg-image-overlay\"><\/span><\/a><\/figure><div class=\"fg-loader\"><\/div><\/div><div class=\"fg-item fg-type-image fg-idle\"><figure class=\"fg-item-inner\"><a href=\"https:\/\/ksolar.com.br\/wp-content\/uploads\/2024\/10\/IMG-20241004-WA0001_Watermarked.jpg\" data-attachment-id=\"2796\" data-type=\"image\" class=\"fg-thumb\"><span class=\"fg-image-wrap\"><img decoding=\"async\" width=\"250\" height=\"141\" class=\"skip-lazy fg-image\" data-src-fg=\"https:\/\/ksolar.com.br\/wp-content\/uploads\/cache\/2024\/10\/IMG-20241004-WA0001_Watermarked\/3621440836.jpg\" src=\"data:image\/svg+xml,%3Csvg%20xmlns%3D%22http%3A%2F%2Fwww.w3.org%2F2000%2Fsvg%22%20width%3D%22250%22%20height%3D%22141%22%20viewBox%3D%220%200%20250%20141%22%3E%3C%2Fsvg%3E\" loading=\"eager\"><\/span><span class=\"fg-image-overlay\"><\/span><\/a><\/figure><div class=\"fg-loader\"><\/div><\/div><div class=\"fg-item fg-type-image fg-idle\"><figure class=\"fg-item-inner\"><a href=\"https:\/\/ksolar.com.br\/wp-content\/uploads\/2024\/10\/IMG-20241004-WA0003_Watermarked.jpg\" data-attachment-id=\"2798\" data-type=\"image\" class=\"fg-thumb\"><span class=\"fg-image-wrap\"><img decoding=\"async\" width=\"250\" height=\"141\" class=\"skip-lazy fg-image\" data-src-fg=\"https:\/\/ksolar.com.br\/wp-content\/uploads\/cache\/2024\/10\/IMG-20241004-WA0003_Watermarked\/3997265001.jpg\" src=\"data:image\/svg+xml,%3Csvg%20xmlns%3D%22http%3A%2F%2Fwww.w3.org%2F2000%2Fsvg%22%20width%3D%22250%22%20height%3D%22141%22%20viewBox%3D%220%200%20250%20141%22%3E%3C%2Fsvg%3E\" loading=\"eager\"><\/span><span class=\"fg-image-overlay\"><\/span><\/a><\/figure><div class=\"fg-loader\"><\/div><\/div><div class=\"fg-item fg-type-image fg-idle\"><figure class=\"fg-item-inner\"><a href=\"https:\/\/ksolar.com.br\/wp-content\/uploads\/2024\/10\/COPIA-FOTO-1_Watermarked.jpg\" data-attachment-id=\"2795\" data-type=\"image\" class=\"fg-thumb\"><span class=\"fg-image-wrap\"><img fetchpriority=\"high\" decoding=\"async\" width=\"250\" height=\"444\" class=\"skip-lazy fg-image\" data-src-fg=\"https:\/\/ksolar.com.br\/wp-content\/uploads\/cache\/2024\/10\/COPIA-FOTO-1_Watermarked\/3662134448.jpg\" src=\"data:image\/svg+xml,%3Csvg%20xmlns%3D%22http%3A%2F%2Fwww.w3.org%2F2000%2Fsvg%22%20width%3D%22250%22%20height%3D%22444%22%20viewBox%3D%220%200%20250%20444%22%3E%3C%2Fsvg%3E\" loading=\"eager\"><\/span><span class=\"fg-image-overlay\"><\/span><\/a><\/figure><div class=\"fg-loader\"><\/div><\/div><div class=\"fg-item fg-type-image fg-idle\"><figure class=\"fg-item-inner\"><a href=\"https:\/\/ksolar.com.br\/wp-content\/uploads\/2024\/10\/IMG-20241004-WA0004_Watermarked.jpg\" data-attachment-id=\"2799\" data-type=\"image\" class=\"fg-thumb\"><span class=\"fg-image-wrap\"><img decoding=\"async\" width=\"250\" height=\"444\" class=\"skip-lazy fg-image\" data-src-fg=\"https:\/\/ksolar.com.br\/wp-content\/uploads\/cache\/2024\/10\/IMG-20241004-WA0004_Watermarked\/4052070727.jpg\" src=\"data:image\/svg+xml,%3Csvg%20xmlns%3D%22http%3A%2F%2Fwww.w3.org%2F2000%2Fsvg%22%20width%3D%22250%22%20height%3D%22444%22%20viewBox%3D%220%200%20250%20444%22%3E%3C%2Fsvg%3E\" loading=\"eager\"><\/span><span class=\"fg-image-overlay\"><\/span><\/a><\/figure><div class=\"fg-loader\"><\/div><\/div><div class=\"fg-item fg-type-image fg-idle\"><figure class=\"fg-item-inner\"><a href=\"https:\/\/ksolar.com.br\/wp-content\/uploads\/2024\/10\/IMG-20241004-WA0002_Watermarked.jpg\" data-attachment-id=\"2797\" data-type=\"image\" class=\"fg-thumb\"><span class=\"fg-image-wrap\"><img decoding=\"async\" width=\"250\" height=\"444\" class=\"skip-lazy fg-image\" data-src-fg=\"https:\/\/ksolar.com.br\/wp-content\/uploads\/cache\/2024\/10\/IMG-20241004-WA0002_Watermarked\/2264136499.jpg\" src=\"data:image\/svg+xml,%3Csvg%20xmlns%3D%22http%3A%2F%2Fwww.w3.org%2F2000%2Fsvg%22%20width%3D%22250%22%20height%3D%22444%22%20viewBox%3D%220%200%20250%20444%22%3E%3C%2Fsvg%3E\" loading=\"eager\"><\/span><span class=\"fg-image-overlay\"><\/span><\/a><\/figure><div class=\"fg-loader\"><\/div><\/div><\/div>\t\t\t\t\t\t<\/div>\n\t\t\t\t<\/div>\n\t\t\t\t<\/div>\n\t\t<div class=\"elementor-element elementor-element-fd5d7c6 e-flex e-con-boxed e-con e-parent\" data-id=\"fd5d7c6\" data-element_type=\"container\" data-core-v316-plus=\"true\">\n\t\t\t\t\t<div class=\"e-con-inner\">\n\t\t\t\t\t<\/div>\n\t\t\t\t<\/div>\n\t\t\t\t<\/div>\n\t\t","protected":false},"excerpt":{"rendered":"<p>Por : ksolar.com.br Data : 23 de outubro de 2024 PORTIF\u00d3LIO KSOLAR Projetos Finalizados O servi\u00e7o a ser realizado foi de instala\u00e7\u00e3o de lumin\u00e1rias , o cliente nos apresentou quais lumin\u00e1rias seria apropriadas ao local e assim executou se o projeto descrito.<\/p>\n","protected":false},"author":1,"featured_media":0,"parent":0,"menu_order":0,"comment_status":"closed","ping_status":"closed","template":"elementor_header_footer","meta":{"footnotes":"","_joinchat":[]},"_links":{"self":[{"href":"https:\/\/ksolar.com.br\/index.php\/wp-json\/wp\/v2\/pages\/2782"}],"collection":[{"href":"https:\/\/ksolar.com.br\/index.php\/wp-json\/wp\/v2\/pages"}],"about":[{"href":"https:\/\/ksolar.com.br\/index.php\/wp-json\/wp\/v2\/types\/page"}],"author":[{"embeddable":true,"href":"https:\/\/ksolar.com.br\/index.php\/wp-json\/wp\/v2\/users\/1"}],"replies":[{"embeddable":true,"href":"https:\/\/ksolar.com.br\/index.php\/wp-json\/wp\/v2\/comments?post=2782"}],"version-history":[{"count":13,"href":"https:\/\/ksolar.com.br\/index.php\/wp-json\/wp\/v2\/pages\/2782\/revisions"}],"predecessor-version":[{"id":2830,"href":"https:\/\/ksolar.com.br\/index.php\/wp-json\/wp\/v2\/pages\/2782\/revisions\/2830"}],"wp:attachment":[{"href":"https:\/\/ksolar.com.br\/index.php\/wp-json\/wp\/v2\/media?parent=2782"}],"curies":[{"name":"wp","href":"https:\/\/api.w.org\/{rel}","templated":true}]}}