{"id":49,"date":"2024-02-19T12:52:50","date_gmt":"2024-02-19T15:52:50","guid":{"rendered":"https:\/\/ksolar.com.br\/?page_id=49"},"modified":"2024-10-03T19:15:39","modified_gmt":"2024-10-03T22:15:39","slug":"servicos","status":"publish","type":"page","link":"https:\/\/ksolar.com.br\/index.php\/servicos\/","title":{"rendered":"Servi\u00e7os"},"content":{"rendered":"\t\t<div data-elementor-type=\"wp-page\" data-elementor-id=\"49\" class=\"elementor elementor-49\" data-elementor-post-type=\"page\">\n\t\t\t\t<div class=\"elementor-element elementor-element-2f5c9c6f e-flex e-con-boxed e-con e-parent\" data-id=\"2f5c9c6f\" data-element_type=\"container\" data-settings=\"{&quot;background_background&quot;:&quot;classic&quot;}\" data-core-v316-plus=\"true\">\n\t\t\t\t\t<div class=\"e-con-inner\">\n\t\t<div class=\"elementor-element elementor-element-17f1a769 e-flex e-con-boxed e-con e-child\" data-id=\"17f1a769\" data-element_type=\"container\" data-settings=\"{&quot;background_background&quot;:&quot;classic&quot;}\">\n\t\t\t\t\t<div class=\"e-con-inner\">\n\t\t<div class=\"elementor-element elementor-element-50cdb729 e-con-full e-flex e-con e-child\" data-id=\"50cdb729\" data-element_type=\"container\">\n\t\t\t\t<div class=\"elementor-element elementor-element-11d8979a elementor-widget__width-initial elementor-widget elementor-widget-heading\" data-id=\"11d8979a\" data-element_type=\"widget\" data-widget_type=\"heading.default\">\n\t\t\t\t<div class=\"elementor-widget-container\">\n\t\t\t<style>\/*! elementor - v3.20.0 - 10-04-2024 *\/\n.elementor-heading-title{padding:0;margin:0;line-height:1}.elementor-widget-heading .elementor-heading-title[class*=elementor-size-]>a{color:inherit;font-size:inherit;line-height:inherit}.elementor-widget-heading .elementor-heading-title.elementor-size-small{font-size:15px}.elementor-widget-heading .elementor-heading-title.elementor-size-medium{font-size:19px}.elementor-widget-heading .elementor-heading-title.elementor-size-large{font-size:29px}.elementor-widget-heading .elementor-heading-title.elementor-size-xl{font-size:39px}.elementor-widget-heading .elementor-heading-title.elementor-size-xxl{font-size:59px}<\/style><h2 class=\"elementor-heading-title elementor-size-default\">Confira nossos melhores servi\u00e7os !<\/h2>\t\t<\/div>\n\t\t\t\t<\/div>\n\t\t\t\t<\/div>\n\t\t<div class=\"elementor-element elementor-element-4eaf2de6 e-con-full e-flex e-con e-child\" data-id=\"4eaf2de6\" data-element_type=\"container\">\n\t\t\t\t<div class=\"elementor-element elementor-element-267a22f8 elementor-widget__width-initial elementor-widget elementor-widget-text-editor\" data-id=\"267a22f8\" data-element_type=\"widget\" data-widget_type=\"text-editor.default\">\n\t\t\t\t<div class=\"elementor-widget-container\">\n\t\t\t<style>\/*! elementor - v3.20.0 - 10-04-2024 *\/\n.elementor-widget-text-editor.elementor-drop-cap-view-stacked .elementor-drop-cap{background-color:#69727d;color:#fff}.elementor-widget-text-editor.elementor-drop-cap-view-framed .elementor-drop-cap{color:#69727d;border:3px solid;background-color:transparent}.elementor-widget-text-editor:not(.elementor-drop-cap-view-default) .elementor-drop-cap{margin-top:8px}.elementor-widget-text-editor:not(.elementor-drop-cap-view-default) .elementor-drop-cap-letter{width:1em;height:1em}.elementor-widget-text-editor .elementor-drop-cap{float:left;text-align:center;line-height:1;font-size:50px}.elementor-widget-text-editor .elementor-drop-cap-letter{display:inline-block}<\/style>\t\t\t\t<p>KSOLAR \u00e9 a solu\u00e7\u00e3o ideal pro sistema el\u00e9trico da sua resid\u00eancia!<\/p>\t\t\t\t\t\t<\/div>\n\t\t\t\t<\/div>\n\t\t\t\t<div class=\"elementor-element elementor-element-4a6e5763 elementor-icon-list--layout-inline elementor-align-center elementor-list-item-link-full_width elementor-widget elementor-widget-icon-list\" data-id=\"4a6e5763\" data-element_type=\"widget\" data-widget_type=\"icon-list.default\">\n\t\t\t\t<div class=\"elementor-widget-container\">\n\t\t\t<link rel=\"stylesheet\" href=\"https:\/\/ksolar.com.br\/wp-content\/plugins\/elementor\/assets\/css\/widget-icon-list.min.css\">\t\t<ul class=\"elementor-icon-list-items elementor-inline-items\">\n\t\t\t\t\t\t\t<li class=\"elementor-icon-list-item elementor-inline-item\">\n\t\t\t\t\t\t\t\t\t\t<span class=\"elementor-icon-list-text\">Home<\/span>\n\t\t\t\t\t\t\t\t\t<\/li>\n\t\t\t\t\t\t\t\t<li class=\"elementor-icon-list-item elementor-inline-item\">\n\t\t\t\t\t\t\t\t\t\t\t<span class=\"elementor-icon-list-icon\">\n\t\t\t\t\t\t\t<svg aria-hidden=\"true\" class=\"e-font-icon-svg e-fas-chevron-right\" viewBox=\"0 0 320 512\" xmlns=\"http:\/\/www.w3.org\/2000\/svg\"><path d=\"M285.476 272.971L91.132 467.314c-9.373 9.373-24.569 9.373-33.941 0l-22.667-22.667c-9.357-9.357-9.375-24.522-.04-33.901L188.505 256 34.484 101.255c-9.335-9.379-9.317-24.544.04-33.901l22.667-22.667c9.373-9.373 24.569-9.373 33.941 0L285.475 239.03c9.373 9.372 9.373 24.568.001 33.941z\"><\/path><\/svg>\t\t\t\t\t\t<\/span>\n\t\t\t\t\t\t\t\t\t\t<span class=\"elementor-icon-list-text\">Servi\u00e7os<\/span>\n\t\t\t\t\t\t\t\t\t<\/li>\n\t\t\t\t\t\t<\/ul>\n\t\t\t\t<\/div>\n\t\t\t\t<\/div>\n\t\t\t\t<\/div>\n\t\t\t\t\t<\/div>\n\t\t\t\t<\/div>\n\t\t\t\t\t<\/div>\n\t\t\t\t<\/div>\n\t\t<div class=\"elementor-element elementor-element-87fc8d4 e-flex e-con-boxed e-con e-parent\" data-id=\"87fc8d4\" data-element_type=\"container\" data-settings=\"{&quot;background_background&quot;:&quot;gradient&quot;}\" data-core-v316-plus=\"true\">\n\t\t\t\t\t<div class=\"e-con-inner\">\n\t\t<div class=\"elementor-element elementor-element-d7e0378 e-flex e-con-boxed e-con e-child\" data-id=\"d7e0378\" data-element_type=\"container\">\n\t\t\t\t\t<div class=\"e-con-inner\">\n\t\t<div class=\"elementor-element elementor-element-34c462c e-con-full e-flex e-con e-child\" data-id=\"34c462c\" data-element_type=\"container\">\n\t\t\t\t<div class=\"elementor-element elementor-element-d5073a6 elementor-widget__width-inherit elementor-widget elementor-widget-jkit_heading\" data-id=\"d5073a6\" data-element_type=\"widget\" data-widget_type=\"jkit_heading.default\">\n\t\t\t\t<div class=\"elementor-widget-container\">\n\t\t\t<div  class=\"jeg-elementor-kit jkit-heading  align-left align-tablet-center align-mobile- jeg_module___69da1e931af5a\" ><h3 class=\"heading-section-subtitle  style-color\">Nossos Servi\u00e7os<\/h3><div class=\"heading-section-title  display-inline-block\"><h2 class=\"heading-title\">Solu\u00e7\u00f5es de Energia Seguras e Confi\u00e1veis para voc\u00ea!<\/h2><\/div><\/div>\t\t<\/div>\n\t\t\t\t<\/div>\n\t\t\t\t<\/div>\n\t\t<div class=\"elementor-element elementor-element-1d757df e-con-full e-flex e-con e-child\" data-id=\"1d757df\" data-element_type=\"container\">\n\t\t\t\t<div class=\"elementor-element elementor-element-34c76df elementor-widget__width-inherit elementor-widget elementor-widget-text-editor\" data-id=\"34c76df\" data-element_type=\"widget\" data-widget_type=\"text-editor.default\">\n\t\t\t\t<div class=\"elementor-widget-container\">\n\t\t\t\t\t\t\t<p>Conhe\u00e7a nossos servi\u00e7os, que contam com garantia e satisfa\u00e7\u00e3o do cliente, realize um or\u00e7amento conosco !!!<\/p>\t\t\t\t\t\t<\/div>\n\t\t\t\t<\/div>\n\t\t\t\t<div class=\"elementor-element elementor-element-f7af87b elementor-widget elementor-widget-jkit_button\" data-id=\"f7af87b\" data-element_type=\"widget\" data-widget_type=\"jkit_button.default\">\n\t\t\t\t<div class=\"elementor-widget-container\">\n\t\t\t<div  class=\"jeg-elementor-kit jkit-button  icon-position-after jeg_module__1_69da1e931ca7a\" ><a href=\"#\" class=\"jkit-button-wrapper\">Or\u00e7amento Gratuito<\/a><\/div>\t\t<\/div>\n\t\t\t\t<\/div>\n\t\t\t\t<div class=\"elementor-element elementor-element-5c26453 jkit-equal-height-disable elementor-widget elementor-widget-jkit_image_box\" data-id=\"5c26453\" data-element_type=\"widget\" data-widget_type=\"jkit_image_box.default\">\n\t\t\t\t<div class=\"elementor-widget-container\">\n\t\t\t<div  class=\"jeg-elementor-kit jkit-image-box style-default elementor-animation- jeg_module__2_69da1e931e1ad\" ><div class=\"image-box-header elementor-animation-\"><img fetchpriority=\"high\" decoding=\"async\" width=\"2560\" height=\"2531\" src=\"https:\/\/ksolar.com.br\/wp-content\/uploads\/2024\/07\/20240310_130320-1-scaled.jpg\" class=\"attachment-full size-full\" alt=\"\" url=\"http:\/\/ksolar.com.br\/wp-content\/uploads\/2024\/07\/20240310_130320-1-scaled.jpg\" source=\"library\" srcset=\"https:\/\/ksolar.com.br\/wp-content\/uploads\/2024\/07\/20240310_130320-1-scaled.jpg 2560w, https:\/\/ksolar.com.br\/wp-content\/uploads\/2024\/07\/20240310_130320-1-300x297.jpg 300w, https:\/\/ksolar.com.br\/wp-content\/uploads\/2024\/07\/20240310_130320-1-1024x1012.jpg 1024w, https:\/\/ksolar.com.br\/wp-content\/uploads\/2024\/07\/20240310_130320-1-768x759.jpg 768w, https:\/\/ksolar.com.br\/wp-content\/uploads\/2024\/07\/20240310_130320-1-1536x1519.jpg 1536w, https:\/\/ksolar.com.br\/wp-content\/uploads\/2024\/07\/20240310_130320-1-2048x2025.jpg 2048w\" sizes=\"(max-width: 2560px) 100vw, 2560px\" \/><\/div><div class=\"image-box-body\">\n            <div class=\"body-inner\"><h2 class=\"body-title icon-position-before\">(11) 99587-6535<\/h2>\n                <div class=\"body-description\"><p>Representantes de vendas<\/p><\/div>\n                <div class=\"body-button\"><\/div>\n                \n            <\/div>\n        <\/div><\/div>\t\t<\/div>\n\t\t\t\t<\/div>\n\t\t\t\t<\/div>\n\t\t<div class=\"elementor-element elementor-element-b170063 e-con-full e-flex e-con e-child\" data-id=\"b170063\" data-element_type=\"container\">\n\t\t\t\t<div class=\"elementor-element elementor-element-0668c9d elementor-widget__width-initial elementor-widget-tablet__width-initial elementor-widget-mobile__width-inherit jkit-equal-height-disable elementor-widget elementor-widget-jkit_icon_box\" data-id=\"0668c9d\" data-element_type=\"widget\" data-widget_type=\"jkit_icon_box.default\">\n\t\t\t\t<div class=\"elementor-widget-container\">\n\t\t\t<div  class=\"jeg-elementor-kit jkit-icon-box icon-position-top elementor-animation- jeg_module__3_69da1e9320744\" ><div class=\"jkit-icon-box-wrapper hover-from-bottom\"><div class=\"icon-box icon-box-header elementor-animation-\"><div class=\"icon style-color\"><i aria-hidden=\"true\" class=\"jki jki-zap-line\"><\/i><\/div><\/div><div class=\"icon-box icon-box-body\">\n                <h3 class=\"title\">Instala\u00e7\u00f5es El\u00e9tricas<\/h3>\n            <\/div>\n            \n            <\/div><\/div>\t\t<\/div>\n\t\t\t\t<\/div>\n\t\t\t\t<div class=\"elementor-element elementor-element-49eafbf elementor-widget__width-initial elementor-widget-tablet__width-initial elementor-widget-mobile__width-inherit jkit-equal-height-disable elementor-widget elementor-widget-jkit_icon_box\" data-id=\"49eafbf\" data-element_type=\"widget\" data-widget_type=\"jkit_icon_box.default\">\n\t\t\t\t<div class=\"elementor-widget-container\">\n\t\t\t<div  class=\"jeg-elementor-kit jkit-icon-box icon-position-top elementor-animation- jeg_module__4_69da1e9320f63\" ><div class=\"jkit-icon-box-wrapper hover-from-bottom\"><div class=\"icon-box icon-box-header elementor-animation-\"><div class=\"icon style-color\"><i aria-hidden=\"true\" class=\"jki jki-tool-line\"><\/i><\/div><\/div><div class=\"icon-box icon-box-body\">\n                <h3 class=\"title\">Diagn\u00f3sticos e Reparos<\/h3>\n            <\/div>\n            \n            <\/div><\/div>\t\t<\/div>\n\t\t\t\t<\/div>\n\t\t\t\t<div class=\"elementor-element elementor-element-f5f3a77 elementor-widget__width-initial elementor-widget-tablet__width-initial elementor-widget-mobile__width-inherit jkit-equal-height-disable elementor-widget elementor-widget-jkit_icon_box\" data-id=\"f5f3a77\" data-element_type=\"widget\" data-widget_type=\"jkit_icon_box.default\">\n\t\t\t\t<div class=\"elementor-widget-container\">\n\t\t\t<div  class=\"jeg-elementor-kit jkit-icon-box icon-position-top elementor-animation- jeg_module__5_69da1e9321741\" ><div class=\"jkit-icon-box-wrapper hover-from-bottom\"><div class=\"icon-box icon-box-header elementor-animation-\"><div class=\"icon style-color\"><i aria-hidden=\"true\" class=\"jki jki-trending-up-line\"><\/i><\/div><\/div><div class=\"icon-box icon-box-body\">\n                <h3 class=\"title\">Lumin\u00e1rias, tomadas, fia\u00e7\u00e3o...<\/h3>\n            <\/div>\n            \n            <\/div><\/div>\t\t<\/div>\n\t\t\t\t<\/div>\n\t\t\t\t<div class=\"elementor-element elementor-element-5f581ed elementor-widget__width-initial elementor-widget-tablet__width-initial elementor-widget-mobile__width-inherit jkit-equal-height-disable elementor-widget elementor-widget-jkit_icon_box\" data-id=\"5f581ed\" data-element_type=\"widget\" data-widget_type=\"jkit_icon_box.default\">\n\t\t\t\t<div class=\"elementor-widget-container\">\n\t\t\t<div  class=\"jeg-elementor-kit jkit-icon-box icon-position-top elementor-animation- jeg_module__6_69da1e9321f01\" ><div class=\"jkit-icon-box-wrapper hover-from-bottom\"><div class=\"icon-box icon-box-header elementor-animation-\"><div class=\"icon style-color\"><i aria-hidden=\"true\" class=\"jki jki-Safe-house-light\"><\/i><\/div><\/div><div class=\"icon-box icon-box-body\">\n                <h3 class=\"title\">Sistema Fotovoltaico<\/h3>\n            <\/div>\n            \n            <\/div><\/div>\t\t<\/div>\n\t\t\t\t<\/div>\n\t\t\t\t<div class=\"elementor-element elementor-element-24329e0 elementor-widget__width-initial elementor-widget-tablet__width-initial elementor-widget-mobile__width-inherit jkit-equal-height-disable elementor-widget elementor-widget-jkit_icon_box\" data-id=\"24329e0\" data-element_type=\"widget\" data-widget_type=\"jkit_icon_box.default\">\n\t\t\t\t<div class=\"elementor-widget-container\">\n\t\t\t<div  class=\"jeg-elementor-kit jkit-icon-box icon-position-top elementor-animation- jeg_module__7_69da1e932271f\" ><div class=\"jkit-icon-box-wrapper hover-from-bottom\"><div class=\"icon-box icon-box-header elementor-animation-\"><div class=\"icon style-color\"><i aria-hidden=\"true\" class=\"jki jki-engineer-light\"><\/i><\/div><\/div><div class=\"icon-box icon-box-body\">\n                <h3 class=\"title\">Projeto e Instala\u00e7\u00e3o<\/h3>\n            <\/div>\n            \n            <\/div><\/div>\t\t<\/div>\n\t\t\t\t<\/div>\n\t\t\t\t<div class=\"elementor-element elementor-element-525ea65 elementor-widget__width-initial elementor-widget-tablet__width-initial elementor-widget-mobile__width-inherit jkit-equal-height-disable elementor-widget elementor-widget-jkit_icon_box\" data-id=\"525ea65\" data-element_type=\"widget\" data-widget_type=\"jkit_icon_box.default\">\n\t\t\t\t<div class=\"elementor-widget-container\">\n\t\t\t<div  class=\"jeg-elementor-kit jkit-icon-box icon-position-top elementor-animation- jeg_module__8_69da1e9322ec8\" ><div class=\"jkit-icon-box-wrapper hover-from-bottom\"><div class=\"icon-box icon-box-header elementor-animation-\"><div class=\"icon style-color\"><svg aria-hidden=\"true\" class=\"e-font-icon-svg e-fas-tools\" viewBox=\"0 0 512 512\" xmlns=\"http:\/\/www.w3.org\/2000\/svg\"><path d=\"M501.1 395.7L384 278.6c-23.1-23.1-57.6-27.6-85.4-13.9L192 158.1V96L64 0 0 64l96 128h62.1l106.6 106.6c-13.6 27.8-9.2 62.3 13.9 85.4l117.1 117.1c14.6 14.6 38.2 14.6 52.7 0l52.7-52.7c14.5-14.6 14.5-38.2 0-52.7zM331.7 225c28.3 0 54.9 11 74.9 31l19.4 19.4c15.8-6.9 30.8-16.5 43.8-29.5 37.1-37.1 49.7-89.3 37.9-136.7-2.2-9-13.5-12.1-20.1-5.5l-74.4 74.4-67.9-11.3L334 98.9l74.4-74.4c6.6-6.6 3.4-17.9-5.7-20.2-47.4-11.7-99.6.9-136.6 37.9-28.5 28.5-41.9 66.1-41.2 103.6l82.1 82.1c8.1-1.9 16.5-2.9 24.7-2.9zm-103.9 82l-56.7-56.7L18.7 402.8c-25 25-25 65.5 0 90.5s65.5 25 90.5 0l123.6-123.6c-7.6-19.9-9.9-41.6-5-62.7zM64 472c-13.2 0-24-10.8-24-24 0-13.3 10.7-24 24-24s24 10.7 24 24c0 13.2-10.7 24-24 24z\"><\/path><\/svg><\/div><\/div><div class=\"icon-box icon-box-body\">\n                <h3 class=\"title\">Manuten\u00e7\u00e3o e Limpeza<\/h3>\n            <\/div>\n            \n            <\/div><\/div>\t\t<\/div>\n\t\t\t\t<\/div>\n\t\t\t\t<\/div>\n\t\t\t\t<div class=\"elementor-element elementor-element-c645156 elementor-widget__width-inherit elementor-widget elementor-widget-text-editor\" data-id=\"c645156\" data-element_type=\"widget\" data-widget_type=\"text-editor.default\">\n\t\t\t\t<div class=\"elementor-widget-container\">\n\t\t\t\t\t\t\t<p>Solu\u00e7\u00f5es el\u00e9tricas e de desenvolvimento iluminam todos os cantos da sua casa. Encontre sua solu\u00e7\u00e3o!<\/p>\t\t\t\t\t\t<\/div>\n\t\t\t\t<\/div>\n\t\t\t\t\t<\/div>\n\t\t\t\t<\/div>\n\t\t\t\t\t<\/div>\n\t\t\t\t<\/div>\n\t\t\t\t<\/div>\n\t\t","protected":false},"excerpt":{"rendered":"<p>Confira nossos melhores servi\u00e7os ! KSOLAR \u00e9 a solu\u00e7\u00e3o ideal pro sistema el\u00e9trico da sua resid\u00eancia! Home Servi\u00e7os Nossos Servi\u00e7os Solu\u00e7\u00f5es de Energia Seguras e Confi\u00e1veis para voc\u00ea! Conhe\u00e7a nossos servi\u00e7os, que contam com garantia e satisfa\u00e7\u00e3o do cliente, realize um or\u00e7amento conosco !!! Or\u00e7amento Gratuito (11) 99587-6535 Representantes de vendas Instala\u00e7\u00f5es El\u00e9tricas Diagn\u00f3sticos e [&hellip;]<\/p>\n","protected":false},"author":1,"featured_media":0,"parent":0,"menu_order":0,"comment_status":"closed","ping_status":"closed","template":"elementor_header_footer","meta":{"footnotes":"","_joinchat":[]},"_links":{"self":[{"href":"https:\/\/ksolar.com.br\/index.php\/wp-json\/wp\/v2\/pages\/49"}],"collection":[{"href":"https:\/\/ksolar.com.br\/index.php\/wp-json\/wp\/v2\/pages"}],"about":[{"href":"https:\/\/ksolar.com.br\/index.php\/wp-json\/wp\/v2\/types\/page"}],"author":[{"embeddable":true,"href":"https:\/\/ksolar.com.br\/index.php\/wp-json\/wp\/v2\/users\/1"}],"replies":[{"embeddable":true,"href":"https:\/\/ksolar.com.br\/index.php\/wp-json\/wp\/v2\/comments?post=49"}],"version-history":[{"count":29,"href":"https:\/\/ksolar.com.br\/index.php\/wp-json\/wp\/v2\/pages\/49\/revisions"}],"predecessor-version":[{"id":2733,"href":"https:\/\/ksolar.com.br\/index.php\/wp-json\/wp\/v2\/pages\/49\/revisions\/2733"}],"wp:attachment":[{"href":"https:\/\/ksolar.com.br\/index.php\/wp-json\/wp\/v2\/media?parent=49"}],"curies":[{"name":"wp","href":"https:\/\/api.w.org\/{rel}","templated":true}]}}